{"id":4572,"date":"2024-05-27T17:53:59","date_gmt":"2024-05-27T17:53:59","guid":{"rendered":"https:\/\/matconstruct.md\/?post_type=product&#038;p=4572"},"modified":"2024-05-27T17:56:45","modified_gmt":"2024-05-27T17:56:45","slug":"fire-curtain-with-low-thermal-emissivity-mfb-ew-120","status":"publish","type":"product","link":"https:\/\/matconstruct.md\/ru\/product\/fire-curtain-with-low-thermal-emissivity-mfb-ew-120\/","title":{"rendered":"\u0428\u0442\u043e\u0440\u0430 \u041f\u041f \u0441 \u043d\u0438\u0437\u043a\u043e\u0439 \u0442\u0435\u043f\u043b\u043e\u043e\u0442\u0434\u0430\u0447\u0435\u0439"},"content":{"rendered":null,"protected":false},"excerpt":{"rendered":"<p>MFB EW-120 - \u044d\u0442\u043e \u043f\u0440\u043e\u0442\u0438\u0432\u043e\u043f\u043e\u0436\u0430\u0440\u043d\u0430\u044f \u0448\u0442\u043e\u0440\u0430 \u0441 \u043d\u0438\u0437\u043a\u043e\u0439 \u0442\u0435\u043f\u043b\u043e\u0432\u043e\u0439 \u0438\u0437\u043b\u0443\u0447\u0430\u044e\u0449\u0435\u0439 \u0441\u043f\u043e\u0441\u043e\u0431\u043d\u043e\u0441\u0442\u044c\u044e, \u043a\u043e\u0442\u043e\u0440\u0430\u044f \u0432 \u0441\u043b\u0443\u0447\u0430\u0435 \u043f\u043e\u0436\u0430\u0440\u0430 \u043f\u0440\u0435\u0434\u043e\u0442\u0432\u0440\u0430\u0449\u0430\u0435\u0442 \u0440\u0430\u0441\u043f\u0440\u043e\u0441\u0442\u0440\u0430\u043d\u0435\u043d\u0438\u0435 \u043f\u043b\u0430\u043c\u0435\u043d\u0438, \u0430 \u0442\u0430\u043a\u0436\u0435 \u0432\u043e\u0437\u0433\u043e\u0440\u0430\u043d\u0438\u0435 \u044d\u043b\u0435\u043c\u0435\u043d\u0442\u043e\u0432, \u043d\u0430\u0445\u043e\u0434\u044f\u0449\u0438\u0445\u0441\u044f \u043d\u0430 \u0431\u0435\u0437\u043e\u043f\u0430\u0441\u043d\u043e\u043c \u0440\u0430\u0441\u0441\u0442\u043e\u044f\u043d\u0438\u0438 \u0437\u0430 \u0441\u0447\u0435\u0442 \u0440\u0430\u0434\u0438\u0430\u0446\u0438\u0438.<\/p>\n<h4><strong>\u0417\u0430\u0449\u0438\u0442\u043d\u0430\u044f \u0446\u0435\u043b\u044c:<\/strong><\/h4>\n<p>- \u041e\u0433\u043d\u0435\u0441\u0442\u043e\u0439\u043a\u043e\u0441\u0442\u044c 120 \u043c\u0438\u043d\u0443\u0442 \u043f\u0440\u0438 \u0442\u0435\u043c\u043f\u0435\u0440\u0430\u0442\u0443\u0440\u0435 \u0441\u0432\u044b\u0448\u0435 1000\u00baC (\u0426\u0435\u043b\u043e\u0441\u0442\u043d\u043e\u0441\u0442\u044c).<\/p>\n<p>- \u041d\u0438\u0437\u043a\u0430\u044f \u044d\u043c\u0438\u0441\u0441\u0438\u044f \u0438\u0437\u043b\u0443\u0447\u0435\u043d\u0438\u044f \u0432 \u0442\u0435\u0447\u0435\u043d\u0438\u0435 60 \u043c\u0438\u043d\u0443\u0442 \u043f\u0440\u0438 1000\u00baC \u226415 \u043a\u0412\u0442\/\u043c2.<\/p>\n<p>- \u0411\u043e\u043b\u044c\u0448\u0438\u0435 \u0440\u0430\u0437\u043c\u0435\u0440\u044b.<\/p>\n<h4><strong>\u0425\u0430\u0440\u0430\u043a\u0442\u0435\u0440\u0438\u0441\u0442\u0438\u043a\u0438:<\/strong><\/h4>\n<p>\u0421\u0438\u0441\u0442\u0435\u043c\u0430 \u0441\u043e\u0441\u0442\u043e\u0438\u0442 \u0438\u0437 \u0442\u0435\u0445\u043d\u0438\u0447\u0435\u0441\u043a\u043e\u0433\u043e \u0442\u0435\u043a\u0441\u0442\u0438\u043b\u044c\u043d\u043e\u0433\u043e \u043c\u0430\u0442\u0435\u0440\u0438\u0430\u043b\u0430 TECTEX 1120-IT\/IN\/L2, \u0438\u0437\u0433\u043e\u0442\u043e\u0432\u043b\u0435\u043d\u043d\u043e\u0433\u043e \u0438\u0437 \u0441\u0442\u0435\u043a\u043b\u043e\u0432\u043e\u043b\u043e\u043a\u043d\u0430 \u043a\u043b\u0430\u0441\u0441\u0430 E \u0443\u0441\u0438\u043b\u0435\u043d\u043d\u043e\u0433\u043e \u0441\u0442\u0430\u043b\u044c\u044e Incolel, \u043f\u043e\u043a\u0440\u044b\u0442\u043e\u0433\u043e \u0430\u043b\u044e\u043c\u0438\u043d\u0438\u0435\u0432\u043e\u0439 \u0444\u043e\u043b\u044c\u0433\u043e\u0439 \u0441 \u043e\u0431\u0435\u0438\u0445 \u0441\u0442\u043e\u0440\u043e\u043d, \u043a\u043e\u0442\u043e\u0440\u0430\u044f \u0434\u0435\u0439\u0441\u0442\u0432\u0443\u0435\u0442 \u043a\u0430\u043a \u044d\u043b\u0435\u043c\u0435\u043d\u0442 \u043e\u0433\u0440\u0430\u043d\u0438\u0447\u0435\u043d\u0438\u044f \u0442\u0435\u043f\u043b\u043e\u0432\u043e\u0433\u043e \u0438\u0437\u043b\u0443\u0447\u0435\u043d\u0438\u044f.<\/p>\n<h4><strong>\u0422\u0435\u0445\u043d\u0438\u0447\u0435\u0441\u043a\u0430\u044f \u0441\u0445\u0435\u043c\u0430:<\/strong><\/h4>\n<p>\u041f\u043e\u0436\u0430\u0440\u043d\u0430\u044f \u0448\u0442\u043e\u0440\u0430 MFB EW-120 \u0443\u0441\u0442\u0430\u043d\u0430\u0432\u043b\u0438\u0432\u0430\u0435\u0442\u0441\u044f \u0441 \u0446\u0435\u043b\u044c\u044e \u043e\u0431\u0435\u0441\u043f\u0435\u0447\u0435\u043d\u0438\u044f \u0446\u0435\u043b\u043e\u0441\u0442\u043d\u043e\u0441\u0442\u0438 \u0438 \u0441\u043d\u0438\u0436\u0435\u043d\u0438\u044f \u0440\u0430\u0434\u0438\u0430\u0446\u0438\u0438. \u042d\u0442\u0430 \u0441\u0438\u0441\u0442\u0435\u043c\u0430 \u043c\u043e\u0436\u0435\u0442 \u0437\u0430\u043c\u0435\u043d\u0438\u0442\u044c \u0441\u0438\u0441\u0442\u0435\u043c\u044b \u0441 \u0442\u0435\u043f\u043b\u043e\u0432\u043e\u0439 \u0438\u0437\u043e\u043b\u044f\u0446\u0438\u0435\u0439 \u043f\u0440\u0438 \u0443\u0441\u043b\u043e\u0432\u0438\u0438 \u0441\u043e\u0431\u043b\u044e\u0434\u0435\u043d\u0438\u044f \u043f\u0435\u0440\u0438\u043c\u0435\u0442\u0440\u0430 \u043e\u0442\u043d\u043e\u0441\u0438\u0442\u0435\u043b\u044c\u043d\u043e \u0432\u043e\u0441\u043f\u043b\u0430\u043c\u0435\u043d\u044f\u044e\u0449\u0438\u0445\u0441\u044f \u044d\u043b\u0435\u043c\u0435\u043d\u0442\u043e\u0432 \u0438\u043b\u0438 \u0432\u044b\u0445\u043b\u043e\u043f\u043d\u044b\u0445 \u043a\u0430\u043d\u0430\u043b\u043e\u0432, \u0431\u0435\u0437 \u043d\u0435\u043e\u0431\u0445\u043e\u0434\u0438\u043c\u043e\u0441\u0442\u0438 \u0438\u0441\u043f\u043e\u043b\u044c\u0437\u043e\u0432\u0430\u043d\u0438\u044f \u0441\u0438\u0441\u0442\u0435\u043c \u0438\u0440\u0440\u0438\u0433\u0430\u0446\u0438\u0438.<\/p>","protected":false},"featured_media":4553,"comment_status":"open","ping_status":"closed","template":"","meta":[],"product_cat":[196,229],"product_tag":[],"class_list":{"0":"post-4572","1":"product","2":"type-product","3":"status-publish","4":"has-post-thumbnail","6":"product_cat-cortine","7":"product_cat-cortina-rf-cu-emisivitate-termica-redusa","9":"first","10":"instock","11":"shipping-taxable","12":"product-type-simple"},"yoast_head":"<!-- This site is optimized with the Yoast SEO plugin v22.5 - https:\/\/yoast.com\/wordpress\/plugins\/seo\/ -->\n<title>Cortina RF cu emisivitate termic\u0103 redus\u0103 MFB EW-120 - Matconstruct<\/title>\n<meta name=\"robots\" content=\"index, follow, max-snippet:-1, max-image-preview:large, max-video-preview:-1\" \/>\n<link rel=\"canonical\" href=\"https:\/\/matconstruct.md\/ru\/product\/fire-curtain-with-low-thermal-emissivity-mfb-ew-120\/\" \/>\n<meta property=\"og:locale\" content=\"ru_RU\" \/>\n<meta property=\"og:type\" content=\"article\" \/>\n<meta property=\"og:title\" content=\"Cortina RF cu emisivitate termic\u0103 redus\u0103 MFB EW-120 - Matconstruct\" \/>\n<meta property=\"og:description\" content=\"MFB EW-120 este o perdea de foc cu emisivitate termic\u0103 redus\u0103 care, \u00een caz de incendiu, previne r\u0103sp\u00e2ndirea fl\u0103c\u0103rilor, pe l\u00e2ng\u0103 aprinderea elementelor aflate la o distan\u021b\u0103 sigur\u0103 prin radia\u021bii. Scopul protector: - Rezisten\u021b\u0103 la foc de 120 de minute la peste 1000\u00baC (Integritate).  - Emisie redus\u0103 de radia\u021bii timp de 60 de minute la 1000\u00baC \u226415 Kw\/m2.  - Dimensiuni mari. Caracteristici: Sistemul este format din material textil tehnic de referin\u021b\u0103 TECTEX 1120-IT\/IN\/L2, f\u0103cut din fibr\u0103 de sticl\u0103 de clas\u0103 E, \u00eent\u0103rit\u0103 cu o\u021bel Inconel, acoperit\u0103 cu folie de aluminiu pe ambele p\u0103r\u021bi, care ac\u021bion\u00e2nd ca un element de limitare a radia\u021biei termice. Diagrama tehnic\u0103: Perdeaua de foc MFB EW-120 este instalat\u0103 cu scopul de integritate \u0219i reducere a radia\u021biilor. Acest sistem poate \u00eenlocui sistemele cu izola\u021bie termic\u0103 cu condi\u021bia respect\u0103rii unei zone perimetrale \u00een ceea ce prive\u0219te elementele inflamabile sau canalele de evacuare, f\u0103r\u0103 necesitatea unor sisteme de irigare.\" \/>\n<meta property=\"og:url\" content=\"https:\/\/matconstruct.md\/ru\/product\/fire-curtain-with-low-thermal-emissivity-mfb-ew-120\/\" \/>\n<meta property=\"og:site_name\" content=\"Matconstruct\" \/>\n<meta property=\"article:modified_time\" content=\"2024-05-27T17:56:45+00:00\" \/>\n<meta property=\"og:image\" content=\"https:\/\/matconstruct.md\/wp-content\/uploads\/2024\/05\/RF-low-thermal-emissiivity-EW-120jpeg.jpeg\" \/>\n\t<meta property=\"og:image:width\" content=\"385\" \/>\n\t<meta property=\"og:image:height\" content=\"280\" \/>\n\t<meta property=\"og:image:type\" content=\"image\/jpeg\" \/>\n<meta name=\"twitter:card\" content=\"summary_large_image\" \/>\n<meta name=\"twitter:label1\" content=\"\u041f\u0440\u0438\u043c\u0435\u0440\u043d\u043e\u0435 \u0432\u0440\u0435\u043c\u044f \u0434\u043b\u044f \u0447\u0442\u0435\u043d\u0438\u044f\" \/>\n\t<meta name=\"twitter:data1\" content=\"1 \u043c\u0438\u043d\u0443\u0442\u0430\" \/>\n<script type=\"application\/ld+json\" class=\"yoast-schema-graph\">{\"@context\":\"https:\/\/schema.org\",\"@graph\":[{\"@type\":\"WebPage\",\"@id\":\"https:\/\/matconstruct.md\/product\/fire-curtain-with-low-thermal-emissivity-mfb-ew-120\/\",\"url\":\"https:\/\/matconstruct.md\/product\/fire-curtain-with-low-thermal-emissivity-mfb-ew-120\/\",\"name\":\"Cortina RF cu emisivitate termic\u0103 redus\u0103 MFB EW-120 - Matconstruct\",\"isPartOf\":{\"@id\":\"https:\/\/matconstruct.md\/#website\"},\"primaryImageOfPage\":{\"@id\":\"https:\/\/matconstruct.md\/product\/fire-curtain-with-low-thermal-emissivity-mfb-ew-120\/#primaryimage\"},\"image\":{\"@id\":\"https:\/\/matconstruct.md\/product\/fire-curtain-with-low-thermal-emissivity-mfb-ew-120\/#primaryimage\"},\"thumbnailUrl\":\"https:\/\/matconstruct.md\/wp-content\/uploads\/2024\/05\/RF-low-thermal-emissiivity-EW-120jpeg.jpeg\",\"datePublished\":\"2024-05-27T17:53:59+00:00\",\"dateModified\":\"2024-05-27T17:56:45+00:00\",\"breadcrumb\":{\"@id\":\"https:\/\/matconstruct.md\/product\/fire-curtain-with-low-thermal-emissivity-mfb-ew-120\/#breadcrumb\"},\"inLanguage\":\"ru-RU\",\"potentialAction\":[{\"@type\":\"ReadAction\",\"target\":[\"https:\/\/matconstruct.md\/product\/fire-curtain-with-low-thermal-emissivity-mfb-ew-120\/\"]}]},{\"@type\":\"ImageObject\",\"inLanguage\":\"ru-RU\",\"@id\":\"https:\/\/matconstruct.md\/product\/fire-curtain-with-low-thermal-emissivity-mfb-ew-120\/#primaryimage\",\"url\":\"https:\/\/matconstruct.md\/wp-content\/uploads\/2024\/05\/RF-low-thermal-emissiivity-EW-120jpeg.jpeg\",\"contentUrl\":\"https:\/\/matconstruct.md\/wp-content\/uploads\/2024\/05\/RF-low-thermal-emissiivity-EW-120jpeg.jpeg\",\"width\":385,\"height\":280},{\"@type\":\"BreadcrumbList\",\"@id\":\"https:\/\/matconstruct.md\/product\/fire-curtain-with-low-thermal-emissivity-mfb-ew-120\/#breadcrumb\",\"itemListElement\":[{\"@type\":\"ListItem\",\"position\":1,\"name\":\"Prima pagin\u0103\",\"item\":\"https:\/\/matconstruct.md\/\"},{\"@type\":\"ListItem\",\"position\":2,\"name\":\"Catalog\",\"item\":\"https:\/\/matconstruct.md\/catalog\/\"},{\"@type\":\"ListItem\",\"position\":3,\"name\":\"Cortina RF cu emisivitate termic\u0103 redus\u0103 MFB EW-120\"}]},{\"@type\":\"WebSite\",\"@id\":\"https:\/\/matconstruct.md\/#website\",\"url\":\"https:\/\/matconstruct.md\/\",\"name\":\"Matconstruct\",\"description\":\"Matconstruct\",\"publisher\":{\"@id\":\"https:\/\/matconstruct.md\/#organization\"},\"potentialAction\":[{\"@type\":\"SearchAction\",\"target\":{\"@type\":\"EntryPoint\",\"urlTemplate\":\"https:\/\/matconstruct.md\/?s={search_term_string}\"},\"query-input\":\"required name=search_term_string\"}],\"inLanguage\":\"ru-RU\"},{\"@type\":\"Organization\",\"@id\":\"https:\/\/matconstruct.md\/#organization\",\"name\":\"Matconstruct\",\"url\":\"https:\/\/matconstruct.md\/\",\"logo\":{\"@type\":\"ImageObject\",\"inLanguage\":\"ru-RU\",\"@id\":\"https:\/\/matconstruct.md\/#\/schema\/logo\/image\/\",\"url\":\"https:\/\/matconstruct.md\/wp-content\/uploads\/2024\/04\/favmat.png\",\"contentUrl\":\"https:\/\/matconstruct.md\/wp-content\/uploads\/2024\/04\/favmat.png\",\"width\":1920,\"height\":1920,\"caption\":\"Matconstruct\"},\"image\":{\"@id\":\"https:\/\/matconstruct.md\/#\/schema\/logo\/image\/\"}}]}<\/script>\n<!-- \/ Yoast SEO plugin. -->","yoast_head_json":{"title":"Cortina RF cu emisivitate termic\u0103 redus\u0103 MFB EW-120 - Matconstruct","robots":{"index":"index","follow":"follow","max-snippet":"max-snippet:-1","max-image-preview":"max-image-preview:large","max-video-preview":"max-video-preview:-1"},"canonical":"https:\/\/matconstruct.md\/ru\/product\/fire-curtain-with-low-thermal-emissivity-mfb-ew-120\/","og_locale":"ru_RU","og_type":"article","og_title":"Cortina RF cu emisivitate termic\u0103 redus\u0103 MFB EW-120 - Matconstruct","og_description":"MFB EW-120 este o perdea de foc cu emisivitate termic\u0103 redus\u0103 care, \u00een caz de incendiu, previne r\u0103sp\u00e2ndirea fl\u0103c\u0103rilor, pe l\u00e2ng\u0103 aprinderea elementelor aflate la o distan\u021b\u0103 sigur\u0103 prin radia\u021bii. Scopul protector: - Rezisten\u021b\u0103 la foc de 120 de minute la peste 1000\u00baC (Integritate).  - Emisie redus\u0103 de radia\u021bii timp de 60 de minute la 1000\u00baC \u226415 Kw\/m2.  - Dimensiuni mari. Caracteristici: Sistemul este format din material textil tehnic de referin\u021b\u0103 TECTEX 1120-IT\/IN\/L2, f\u0103cut din fibr\u0103 de sticl\u0103 de clas\u0103 E, \u00eent\u0103rit\u0103 cu o\u021bel Inconel, acoperit\u0103 cu folie de aluminiu pe ambele p\u0103r\u021bi, care ac\u021bion\u00e2nd ca un element de limitare a radia\u021biei termice. Diagrama tehnic\u0103: Perdeaua de foc MFB EW-120 este instalat\u0103 cu scopul de integritate \u0219i reducere a radia\u021biilor. Acest sistem poate \u00eenlocui sistemele cu izola\u021bie termic\u0103 cu condi\u021bia respect\u0103rii unei zone perimetrale \u00een ceea ce prive\u0219te elementele inflamabile sau canalele de evacuare, f\u0103r\u0103 necesitatea unor sisteme de irigare.","og_url":"https:\/\/matconstruct.md\/ru\/product\/fire-curtain-with-low-thermal-emissivity-mfb-ew-120\/","og_site_name":"Matconstruct","article_modified_time":"2024-05-27T17:56:45+00:00","og_image":[{"width":385,"height":280,"url":"https:\/\/matconstruct.md\/wp-content\/uploads\/2024\/05\/RF-low-thermal-emissiivity-EW-120jpeg.jpeg","type":"image\/jpeg"}],"twitter_card":"summary_large_image","twitter_misc":{"\u041f\u0440\u0438\u043c\u0435\u0440\u043d\u043e\u0435 \u0432\u0440\u0435\u043c\u044f \u0434\u043b\u044f \u0447\u0442\u0435\u043d\u0438\u044f":"1 \u043c\u0438\u043d\u0443\u0442\u0430"},"schema":{"@context":"https:\/\/schema.org","@graph":[{"@type":"WebPage","@id":"https:\/\/matconstruct.md\/product\/fire-curtain-with-low-thermal-emissivity-mfb-ew-120\/","url":"https:\/\/matconstruct.md\/product\/fire-curtain-with-low-thermal-emissivity-mfb-ew-120\/","name":"Cortina RF cu emisivitate termic\u0103 redus\u0103 MFB EW-120 - Matconstruct","isPartOf":{"@id":"https:\/\/matconstruct.md\/#website"},"primaryImageOfPage":{"@id":"https:\/\/matconstruct.md\/product\/fire-curtain-with-low-thermal-emissivity-mfb-ew-120\/#primaryimage"},"image":{"@id":"https:\/\/matconstruct.md\/product\/fire-curtain-with-low-thermal-emissivity-mfb-ew-120\/#primaryimage"},"thumbnailUrl":"https:\/\/matconstruct.md\/wp-content\/uploads\/2024\/05\/RF-low-thermal-emissiivity-EW-120jpeg.jpeg","datePublished":"2024-05-27T17:53:59+00:00","dateModified":"2024-05-27T17:56:45+00:00","breadcrumb":{"@id":"https:\/\/matconstruct.md\/product\/fire-curtain-with-low-thermal-emissivity-mfb-ew-120\/#breadcrumb"},"inLanguage":"ru-RU","potentialAction":[{"@type":"ReadAction","target":["https:\/\/matconstruct.md\/product\/fire-curtain-with-low-thermal-emissivity-mfb-ew-120\/"]}]},{"@type":"ImageObject","inLanguage":"ru-RU","@id":"https:\/\/matconstruct.md\/product\/fire-curtain-with-low-thermal-emissivity-mfb-ew-120\/#primaryimage","url":"https:\/\/matconstruct.md\/wp-content\/uploads\/2024\/05\/RF-low-thermal-emissiivity-EW-120jpeg.jpeg","contentUrl":"https:\/\/matconstruct.md\/wp-content\/uploads\/2024\/05\/RF-low-thermal-emissiivity-EW-120jpeg.jpeg","width":385,"height":280},{"@type":"BreadcrumbList","@id":"https:\/\/matconstruct.md\/product\/fire-curtain-with-low-thermal-emissivity-mfb-ew-120\/#breadcrumb","itemListElement":[{"@type":"ListItem","position":1,"name":"Prima pagin\u0103","item":"https:\/\/matconstruct.md\/"},{"@type":"ListItem","position":2,"name":"Catalog","item":"https:\/\/matconstruct.md\/catalog\/"},{"@type":"ListItem","position":3,"name":"Cortina RF cu emisivitate termic\u0103 redus\u0103 MFB EW-120"}]},{"@type":"WebSite","@id":"https:\/\/matconstruct.md\/#website","url":"https:\/\/matconstruct.md\/","name":"Matconstruct","description":"Matconstruct","publisher":{"@id":"https:\/\/matconstruct.md\/#organization"},"potentialAction":[{"@type":"SearchAction","target":{"@type":"EntryPoint","urlTemplate":"https:\/\/matconstruct.md\/?s={search_term_string}"},"query-input":"required name=search_term_string"}],"inLanguage":"ru-RU"},{"@type":"Organization","@id":"https:\/\/matconstruct.md\/#organization","name":"Matconstruct","url":"https:\/\/matconstruct.md\/","logo":{"@type":"ImageObject","inLanguage":"ru-RU","@id":"https:\/\/matconstruct.md\/#\/schema\/logo\/image\/","url":"https:\/\/matconstruct.md\/wp-content\/uploads\/2024\/04\/favmat.png","contentUrl":"https:\/\/matconstruct.md\/wp-content\/uploads\/2024\/04\/favmat.png","width":1920,"height":1920,"caption":"Matconstruct"},"image":{"@id":"https:\/\/matconstruct.md\/#\/schema\/logo\/image\/"}}]}},"jetpack_sharing_enabled":true,"_links":{"self":[{"href":"https:\/\/matconstruct.md\/ru\/wp-json\/wp\/v2\/product\/4572","targetHints":{"allow":["GET"]}}],"collection":[{"href":"https:\/\/matconstruct.md\/ru\/wp-json\/wp\/v2\/product"}],"about":[{"href":"https:\/\/matconstruct.md\/ru\/wp-json\/wp\/v2\/types\/product"}],"replies":[{"embeddable":true,"href":"https:\/\/matconstruct.md\/ru\/wp-json\/wp\/v2\/comments?post=4572"}],"wp:featuredmedia":[{"embeddable":true,"href":"https:\/\/matconstruct.md\/ru\/wp-json\/wp\/v2\/media\/4553"}],"wp:attachment":[{"href":"https:\/\/matconstruct.md\/ru\/wp-json\/wp\/v2\/media?parent=4572"}],"wp:term":[{"taxonomy":"product_cat","embeddable":true,"href":"https:\/\/matconstruct.md\/ru\/wp-json\/wp\/v2\/product_cat?post=4572"},{"taxonomy":"product_tag","embeddable":true,"href":"https:\/\/matconstruct.md\/ru\/wp-json\/wp\/v2\/product_tag?post=4572"}],"curies":[{"name":"wp","href":"https:\/\/api.w.org\/{rel}","templated":true}]}}