{"id":4527,"date":"2024-04-28T07:57:28","date_gmt":"2024-04-28T07:57:28","guid":{"rendered":"https:\/\/matconstruct.md\/?post_type=product&#038;p=4527"},"modified":"2025-03-30T04:40:04","modified_gmt":"2025-03-30T04:40:04","slug":"hipertec-wall","status":"publish","type":"product","link":"https:\/\/matconstruct.md\/ru\/product\/hipertec-wall\/","title":{"rendered":"HIPERTEC WALL"},"content":{"rendered":null,"protected":false},"excerpt":{"rendered":"<p>\u0421\u0430\u043c\u043e\u043d\u0435\u0441\u0443\u0449\u0430\u044f \u0442\u0435\u043f\u043b\u043e\u0438\u0437\u043e\u043b\u044f\u0446\u0438\u043e\u043d\u043d\u0430\u044f \u043c\u0435\u0442\u0430\u043b\u043b\u0438\u0447\u0435\u0441\u043a\u0430\u044f \u043f\u0430\u043d\u0435\u043b\u044c, \u0441 \u0438\u0437\u043e\u043b\u044f\u0446\u0438\u0435\u0439 \u0438\u0437 \u043d\u0435\u0433\u043e\u0440\u044e\u0447\u0435\u0439 \u0438 \u0437\u0432\u0443\u043a\u043e\u043d\u0435\u043f\u0440\u043e\u043d\u0438\u0446\u0430\u0435\u043c\u043e\u0439 \u043c\u0438\u043d\u0435\u0440\u0430\u043b\u044c\u043d\u043e\u0439 \u0432\u0430\u0442\u044b.<\/p>\n<p>\u041f\u0430\u043d\u0435\u043b\u0438 HIPERTEC\u00ae WALL \u0438\u0434\u0435\u0430\u043b\u044c\u043d\u043e \u043f\u043e\u0434\u0445\u043e\u0434\u044f\u0442 \u0434\u043b\u044f \u043e\u0431\u043b\u0438\u0446\u043e\u0432\u043a\u0438 \u043d\u0430\u0440\u0443\u0436\u043d\u044b\u0445 \u0441\u0442\u0435\u043d, \u043f\u0435\u0440\u0435\u0433\u043e\u0440\u043e\u0434\u043e\u043a \u0438 \u043f\u043e\u0442\u043e\u043b\u043a\u043e\u0432, \u043a\u043e\u043d\u0441\u0442\u0440\u0443\u043a\u0446\u0438\u0438 \u043a\u043e\u0442\u043e\u0440\u044b\u0445 \u0442\u0440\u0435\u0431\u0443\u044e\u0442 \u0432\u044b\u0441\u043e\u043a\u0443\u044e \u0441\u0442\u0435\u043f\u0435\u043d\u044c \u043e\u0433\u043d\u0435\u0441\u0442\u043e\u0439\u043a\u043e\u0441\u0442\u0438 \u0438 \u0437\u0432\u0443\u043a\u043e\u0438\u0437\u043e\u043b\u044f\u0446\u0438\u0438. \u0418\u0437\u043e\u043b\u044f\u0446\u0438\u043e\u043d\u043d\u044b\u0439 \u043c\u0430\u0442\u0435\u0440\u0438\u0430\u043b \u0441\u043e\u0441\u0442\u043e\u0438\u0442 \u0438\u0437 \u043c\u0438\u043d\u0435\u0440\u0430\u043b\u044c\u043d\u043e\u0439 \u0432\u0430\u0442\u044b \u0432\u044b\u0441\u043e\u043a\u043e\u0439 \u043f\u043b\u043e\u0442\u043d\u043e\u0441\u0442\u0438 \u0441 \u043e\u0440\u0438\u0435\u043d\u0442\u0438\u0440\u043e\u0432\u0430\u043d\u043d\u044b\u043c\u0438 \u0432\u043e\u043b\u043e\u043a\u043d\u0430\u043c\u0438, \u0440\u0430\u0441\u043f\u043e\u043b\u043e\u0436\u0435\u043d\u043d\u044b\u043c\u0438 \u043f\u043e\u043b\u043e\u0441\u0430\u043c\u0438 \u043f\u0435\u0440\u043f\u0435\u043d\u0434\u0438\u043a\u0443\u043b\u044f\u0440\u043d\u043e \u043a \u043f\u043b\u043e\u0441\u043a\u043e\u0441\u0442\u0438 \u043f\u0430\u043d\u0435\u043b\u0438, \u043a\u043e\u0442\u043e\u0440\u044b\u0435 \u0437\u0430\u043a\u0440\u0435\u043f\u043b\u0435\u043d\u044b \u043f\u043e \u0434\u043b\u0438\u043d\u0435 \u0444\u0438\u043a\u0441\u0438\u0440\u043e\u0432\u0430\u043d\u043d\u044b\u043c\u0438 \u0441\u043e\u0435\u0434\u0438\u043d\u0435\u043d\u0438\u044f\u043c\u0438 \u0438 \u0443\u043f\u043b\u043e\u0442\u043d\u0435\u043d\u044b \u043f\u043e \u0448\u0438\u0440\u0438\u043d\u0435, \u0442\u0430\u043a\u0438\u043c \u043e\u0431\u0440\u0430\u0437\u043e\u043c, \u0447\u0442\u043e\u0431\u044b \u043f\u043e\u043b\u043d\u043e\u0441\u0442\u044c\u044e \u0437\u0430\u043f\u043e\u043b\u043d\u0438\u0442\u044c \u043f\u0440\u043e\u0441\u0442\u0440\u0430\u043d\u0441\u0442\u0432\u043e \u043c\u0435\u0436\u0434\u0443 \u043c\u0435\u0442\u0430\u043b\u043b\u0438\u0447\u0435\u0441\u043a\u0438\u043c\u0438 \u043b\u0438\u0441\u0442\u0430\u043c\u0438. \u0414\u043e\u0441\u0442\u0443\u043f\u043d\u044b\u0435 \u0442\u0438\u043f\u044b \u043f\u0440\u043e\u0444\u0438\u043b\u0438\u0440\u043e\u0432\u0430\u043d\u0438\u044f: Micro-Ribbed.<\/p>\n<p>\u041e\u0433\u043d\u0435\u0441\u0442\u043e\u0439\u043a\u043e\u0441\u0442\u044c \u0434\u043b\u044f \u0442\u043e\u043b\u0449\u0438\u043d\u044b \u043f\u0430\u043d\u0435\u043b\u0438 100 \u043c\u043c - 150 \u043c\u043c \u0441\u043e\u0441\u0442\u0430\u0432\u043b\u044f\u0435\u0442 150 \u043c\u0438\u043d. (EI 150).<strong>EI 150)<\/strong>.<\/p>\n<p>\u0422\u043e\u043b\u0449\u0438\u043d\u0430 \u043f\u0430\u043d\u0435\u043b\u0435\u0439: 50\u043c\u043c \u2013 150\u043c\u043c.<\/p>\n<p>\u0414\u043b\u0438\u043d\u0430 \u043f\u0430\u043d\u0435\u043b\u0435\u0439: \u0434\u043e 13500\u043c\u043c.<\/p>","protected":false},"featured_media":4528,"comment_status":"open","ping_status":"closed","template":"","meta":[],"product_cat":[193,241,254,260],"product_tag":[],"class_list":{"0":"post-4527","1":"product","2":"type-product","3":"status-publish","4":"has-post-thumbnail","6":"product_cat-panouri-sandwich","7":"product_cat-perete","8":"product_cat-vata-minerala-perete","9":"product_cat-imbinare-vizibila-vata","11":"first","12":"instock","13":"shipping-taxable","14":"product-type-simple"},"yoast_head":"<!-- This site is optimized with the Yoast SEO plugin v22.5 - https:\/\/yoast.com\/wordpress\/plugins\/seo\/ -->\n<title>HIPERTEC WALL - Matconstruct<\/title>\n<meta name=\"robots\" content=\"index, follow, max-snippet:-1, max-image-preview:large, max-video-preview:-1\" \/>\n<link rel=\"canonical\" href=\"https:\/\/matconstruct.md\/ru\/product\/hipertec-wall\/\" \/>\n<meta property=\"og:locale\" content=\"ru_RU\" \/>\n<meta property=\"og:type\" content=\"article\" \/>\n<meta property=\"og:title\" content=\"HIPERTEC WALL - Matconstruct\" \/>\n<meta property=\"og:description\" content=\"Panou de perete termoizolant autoportant cu miez din vat\u0103 mineral\u0103, neinflamabil \u0219i izolat fonic.  HIPERTEC\u00ae WALL este ideal pentru placarea pere\u021blor exteriori, dar \u0219i pentru pere\u021bii despar\u021bitori \u0219i tavane, ce necesit\u0103 un grad ridicat de rezisten\u021b\u0103 la foc \u0219i izola\u021bie fonic\u0103. Materialul de baz\u0103 include vat\u0103 mineral\u0103 din fibre orientate cu densitate ridicat\u0103, aranjate perpendicular fa\u021b\u0103 de nivelul panoului \u0219i pozi\u021bionate sub form\u0103 de benzi, a\u0219ezate longitudinal cu \u00eembin\u0103ri decalate \u0219i compactate transversal, astfel \u00eenc\u00e2t s\u0103 umple \u00een totalitate spa\u021biul dintre pl\u0103cile de metal. Fa\u021ba extern\u0103 a panoului este disponibil\u0103 \u00een finisaj Micronervurat.  Rezisten\u021ba la foc pentru grosimea panoului de 100mm \u2013 150mm este 150min. (EI 150).  Grosimi posibile ale panourilor HIPERTEC\u00ae WALL: 50mm \u2013 150mm.  Lungimea maxima a panoului: 13500mm.\" \/>\n<meta property=\"og:url\" content=\"https:\/\/matconstruct.md\/ru\/product\/hipertec-wall\/\" \/>\n<meta property=\"og:site_name\" content=\"Matconstruct\" \/>\n<meta property=\"article:modified_time\" content=\"2025-03-30T04:40:04+00:00\" \/>\n<meta property=\"og:image\" content=\"https:\/\/matconstruct.md\/wp-content\/uploads\/2024\/04\/HIERTEC-WALL-ROM.gif\" \/>\n\t<meta property=\"og:image:width\" content=\"1115\" \/>\n\t<meta property=\"og:image:height\" content=\"691\" \/>\n\t<meta property=\"og:image:type\" content=\"image\/gif\" \/>\n<meta name=\"twitter:card\" content=\"summary_large_image\" \/>\n<meta name=\"twitter:label1\" content=\"\u041f\u0440\u0438\u043c\u0435\u0440\u043d\u043e\u0435 \u0432\u0440\u0435\u043c\u044f \u0434\u043b\u044f \u0447\u0442\u0435\u043d\u0438\u044f\" \/>\n\t<meta name=\"twitter:data1\" content=\"1 \u043c\u0438\u043d\u0443\u0442\u0430\" \/>\n<script type=\"application\/ld+json\" class=\"yoast-schema-graph\">{\"@context\":\"https:\/\/schema.org\",\"@graph\":[{\"@type\":\"WebPage\",\"@id\":\"https:\/\/matconstruct.md\/product\/hipertec-wall\/\",\"url\":\"https:\/\/matconstruct.md\/product\/hipertec-wall\/\",\"name\":\"HIPERTEC WALL - Matconstruct\",\"isPartOf\":{\"@id\":\"https:\/\/matconstruct.md\/#website\"},\"primaryImageOfPage\":{\"@id\":\"https:\/\/matconstruct.md\/product\/hipertec-wall\/#primaryimage\"},\"image\":{\"@id\":\"https:\/\/matconstruct.md\/product\/hipertec-wall\/#primaryimage\"},\"thumbnailUrl\":\"https:\/\/matconstruct.md\/wp-content\/uploads\/2024\/04\/HIERTEC-WALL-ROM.gif\",\"datePublished\":\"2024-04-28T07:57:28+00:00\",\"dateModified\":\"2025-03-30T04:40:04+00:00\",\"breadcrumb\":{\"@id\":\"https:\/\/matconstruct.md\/product\/hipertec-wall\/#breadcrumb\"},\"inLanguage\":\"ru-RU\",\"potentialAction\":[{\"@type\":\"ReadAction\",\"target\":[\"https:\/\/matconstruct.md\/product\/hipertec-wall\/\"]}]},{\"@type\":\"ImageObject\",\"inLanguage\":\"ru-RU\",\"@id\":\"https:\/\/matconstruct.md\/product\/hipertec-wall\/#primaryimage\",\"url\":\"https:\/\/matconstruct.md\/wp-content\/uploads\/2024\/04\/HIERTEC-WALL-ROM.gif\",\"contentUrl\":\"https:\/\/matconstruct.md\/wp-content\/uploads\/2024\/04\/HIERTEC-WALL-ROM.gif\",\"width\":1115,\"height\":691},{\"@type\":\"BreadcrumbList\",\"@id\":\"https:\/\/matconstruct.md\/product\/hipertec-wall\/#breadcrumb\",\"itemListElement\":[{\"@type\":\"ListItem\",\"position\":1,\"name\":\"Prima pagin\u0103\",\"item\":\"https:\/\/matconstruct.md\/\"},{\"@type\":\"ListItem\",\"position\":2,\"name\":\"Catalog\",\"item\":\"https:\/\/matconstruct.md\/catalog\/\"},{\"@type\":\"ListItem\",\"position\":3,\"name\":\"HIPERTEC WALL\"}]},{\"@type\":\"WebSite\",\"@id\":\"https:\/\/matconstruct.md\/#website\",\"url\":\"https:\/\/matconstruct.md\/\",\"name\":\"Matconstruct\",\"description\":\"Matconstruct\",\"publisher\":{\"@id\":\"https:\/\/matconstruct.md\/#organization\"},\"potentialAction\":[{\"@type\":\"SearchAction\",\"target\":{\"@type\":\"EntryPoint\",\"urlTemplate\":\"https:\/\/matconstruct.md\/?s={search_term_string}\"},\"query-input\":\"required name=search_term_string\"}],\"inLanguage\":\"ru-RU\"},{\"@type\":\"Organization\",\"@id\":\"https:\/\/matconstruct.md\/#organization\",\"name\":\"Matconstruct\",\"url\":\"https:\/\/matconstruct.md\/\",\"logo\":{\"@type\":\"ImageObject\",\"inLanguage\":\"ru-RU\",\"@id\":\"https:\/\/matconstruct.md\/#\/schema\/logo\/image\/\",\"url\":\"https:\/\/matconstruct.md\/wp-content\/uploads\/2024\/04\/favmat.png\",\"contentUrl\":\"https:\/\/matconstruct.md\/wp-content\/uploads\/2024\/04\/favmat.png\",\"width\":1920,\"height\":1920,\"caption\":\"Matconstruct\"},\"image\":{\"@id\":\"https:\/\/matconstruct.md\/#\/schema\/logo\/image\/\"}}]}<\/script>\n<!-- \/ Yoast SEO plugin. -->","yoast_head_json":{"title":"HIPERTEC WALL - Matconstruct","robots":{"index":"index","follow":"follow","max-snippet":"max-snippet:-1","max-image-preview":"max-image-preview:large","max-video-preview":"max-video-preview:-1"},"canonical":"https:\/\/matconstruct.md\/ru\/product\/hipertec-wall\/","og_locale":"ru_RU","og_type":"article","og_title":"HIPERTEC WALL - Matconstruct","og_description":"Panou de perete termoizolant autoportant cu miez din vat\u0103 mineral\u0103, neinflamabil \u0219i izolat fonic.  HIPERTEC\u00ae WALL este ideal pentru placarea pere\u021blor exteriori, dar \u0219i pentru pere\u021bii despar\u021bitori \u0219i tavane, ce necesit\u0103 un grad ridicat de rezisten\u021b\u0103 la foc \u0219i izola\u021bie fonic\u0103. Materialul de baz\u0103 include vat\u0103 mineral\u0103 din fibre orientate cu densitate ridicat\u0103, aranjate perpendicular fa\u021b\u0103 de nivelul panoului \u0219i pozi\u021bionate sub form\u0103 de benzi, a\u0219ezate longitudinal cu \u00eembin\u0103ri decalate \u0219i compactate transversal, astfel \u00eenc\u00e2t s\u0103 umple \u00een totalitate spa\u021biul dintre pl\u0103cile de metal. Fa\u021ba extern\u0103 a panoului este disponibil\u0103 \u00een finisaj Micronervurat.  Rezisten\u021ba la foc pentru grosimea panoului de 100mm \u2013 150mm este 150min. (EI 150).  Grosimi posibile ale panourilor HIPERTEC\u00ae WALL: 50mm \u2013 150mm.  Lungimea maxima a panoului: 13500mm.","og_url":"https:\/\/matconstruct.md\/ru\/product\/hipertec-wall\/","og_site_name":"Matconstruct","article_modified_time":"2025-03-30T04:40:04+00:00","og_image":[{"width":1115,"height":691,"url":"https:\/\/matconstruct.md\/wp-content\/uploads\/2024\/04\/HIERTEC-WALL-ROM.gif","type":"image\/gif"}],"twitter_card":"summary_large_image","twitter_misc":{"\u041f\u0440\u0438\u043c\u0435\u0440\u043d\u043e\u0435 \u0432\u0440\u0435\u043c\u044f \u0434\u043b\u044f \u0447\u0442\u0435\u043d\u0438\u044f":"1 \u043c\u0438\u043d\u0443\u0442\u0430"},"schema":{"@context":"https:\/\/schema.org","@graph":[{"@type":"WebPage","@id":"https:\/\/matconstruct.md\/product\/hipertec-wall\/","url":"https:\/\/matconstruct.md\/product\/hipertec-wall\/","name":"HIPERTEC WALL - Matconstruct","isPartOf":{"@id":"https:\/\/matconstruct.md\/#website"},"primaryImageOfPage":{"@id":"https:\/\/matconstruct.md\/product\/hipertec-wall\/#primaryimage"},"image":{"@id":"https:\/\/matconstruct.md\/product\/hipertec-wall\/#primaryimage"},"thumbnailUrl":"https:\/\/matconstruct.md\/wp-content\/uploads\/2024\/04\/HIERTEC-WALL-ROM.gif","datePublished":"2024-04-28T07:57:28+00:00","dateModified":"2025-03-30T04:40:04+00:00","breadcrumb":{"@id":"https:\/\/matconstruct.md\/product\/hipertec-wall\/#breadcrumb"},"inLanguage":"ru-RU","potentialAction":[{"@type":"ReadAction","target":["https:\/\/matconstruct.md\/product\/hipertec-wall\/"]}]},{"@type":"ImageObject","inLanguage":"ru-RU","@id":"https:\/\/matconstruct.md\/product\/hipertec-wall\/#primaryimage","url":"https:\/\/matconstruct.md\/wp-content\/uploads\/2024\/04\/HIERTEC-WALL-ROM.gif","contentUrl":"https:\/\/matconstruct.md\/wp-content\/uploads\/2024\/04\/HIERTEC-WALL-ROM.gif","width":1115,"height":691},{"@type":"BreadcrumbList","@id":"https:\/\/matconstruct.md\/product\/hipertec-wall\/#breadcrumb","itemListElement":[{"@type":"ListItem","position":1,"name":"Prima pagin\u0103","item":"https:\/\/matconstruct.md\/"},{"@type":"ListItem","position":2,"name":"Catalog","item":"https:\/\/matconstruct.md\/catalog\/"},{"@type":"ListItem","position":3,"name":"HIPERTEC WALL"}]},{"@type":"WebSite","@id":"https:\/\/matconstruct.md\/#website","url":"https:\/\/matconstruct.md\/","name":"Matconstruct","description":"Matconstruct","publisher":{"@id":"https:\/\/matconstruct.md\/#organization"},"potentialAction":[{"@type":"SearchAction","target":{"@type":"EntryPoint","urlTemplate":"https:\/\/matconstruct.md\/?s={search_term_string}"},"query-input":"required name=search_term_string"}],"inLanguage":"ru-RU"},{"@type":"Organization","@id":"https:\/\/matconstruct.md\/#organization","name":"Matconstruct","url":"https:\/\/matconstruct.md\/","logo":{"@type":"ImageObject","inLanguage":"ru-RU","@id":"https:\/\/matconstruct.md\/#\/schema\/logo\/image\/","url":"https:\/\/matconstruct.md\/wp-content\/uploads\/2024\/04\/favmat.png","contentUrl":"https:\/\/matconstruct.md\/wp-content\/uploads\/2024\/04\/favmat.png","width":1920,"height":1920,"caption":"Matconstruct"},"image":{"@id":"https:\/\/matconstruct.md\/#\/schema\/logo\/image\/"}}]}},"jetpack_sharing_enabled":true,"_links":{"self":[{"href":"https:\/\/matconstruct.md\/ru\/wp-json\/wp\/v2\/product\/4527","targetHints":{"allow":["GET"]}}],"collection":[{"href":"https:\/\/matconstruct.md\/ru\/wp-json\/wp\/v2\/product"}],"about":[{"href":"https:\/\/matconstruct.md\/ru\/wp-json\/wp\/v2\/types\/product"}],"replies":[{"embeddable":true,"href":"https:\/\/matconstruct.md\/ru\/wp-json\/wp\/v2\/comments?post=4527"}],"wp:featuredmedia":[{"embeddable":true,"href":"https:\/\/matconstruct.md\/ru\/wp-json\/wp\/v2\/media\/4528"}],"wp:attachment":[{"href":"https:\/\/matconstruct.md\/ru\/wp-json\/wp\/v2\/media?parent=4527"}],"wp:term":[{"taxonomy":"product_cat","embeddable":true,"href":"https:\/\/matconstruct.md\/ru\/wp-json\/wp\/v2\/product_cat?post=4527"},{"taxonomy":"product_tag","embeddable":true,"href":"https:\/\/matconstruct.md\/ru\/wp-json\/wp\/v2\/product_tag?post=4527"}],"curies":[{"name":"wp","href":"https:\/\/api.w.org\/{rel}","templated":true}]}}