{"id":4511,"date":"2024-04-27T19:34:37","date_gmt":"2024-04-27T19:34:37","guid":{"rendered":"https:\/\/matconstruct.md\/?post_type=product&#038;p=4511"},"modified":"2024-04-30T14:18:15","modified_gmt":"2024-04-30T14:18:15","slug":"hipertec-roof-sound","status":"publish","type":"product","link":"https:\/\/matconstruct.md\/ru\/product\/hipertec-roof-sound\/","title":{"rendered":"HIPERTEC ROOF SOUND"},"content":{"rendered":null,"protected":false},"excerpt":{"rendered":"<p>\u0421\u0430\u043c\u043e\u043d\u0435\u0441\u0443\u0449\u0430\u044f \u0442\u0435\u043f\u043b\u043e\u0438\u0437\u043e\u043b\u044f\u0446\u0438\u043e\u043d\u043d\u0430\u044f \u043c\u0435\u0442\u0430\u043b\u043b\u0438\u0447\u0435\u0441\u043a\u0430\u044f \u043f\u0430\u043d\u0435\u043b\u044c, \u0441 \u0438\u0437\u043e\u043b\u044f\u0446\u0438\u0435\u0439 \u0438\u0437 \u043d\u0435\u0433\u043e\u0440\u044e\u0447\u0435\u0439 \u0438 \u0437\u0432\u0443\u043a\u043e\u043d\u0435\u043f\u0440\u043e\u043d\u0438\u0446\u0430\u0435\u043c\u043e\u0439 \u043c\u0438\u043d\u0435\u0440\u0430\u043b\u044c\u043d\u043e\u0439 \u0432\u0430\u0442\u044b.<\/p>\n<p>HIPERTEC\u00ae ROOF SOUND \u0438\u0434\u0435\u0430\u043b\u044c\u043d\u043e \u043f\u043e\u0434\u0445\u043e\u0434\u0438\u0442 \u0434\u043b\u044f \u043f\u043e\u043a\u0440\u044b\u0442\u0438\u044f \u0441\u043a\u0430\u0442\u043d\u044b\u0445 (\u22657%) \u043a\u0440\u044b\u0448, \u043f\u0440\u0435\u0434\u043b\u0430\u0433\u0430\u044f \u0432\u044b\u0441\u043e\u043a\u0438\u0439 \u0443\u0440\u043e\u0432\u0435\u043d\u044c \u043e\u0433\u043d\u0435\u0441\u0442\u043e\u0439\u043a\u043e\u0441\u0442\u0438 \u0438 \u0437\u0432\u0443\u043a\u043e\u0438\u0437\u043e\u043b\u044f\u0446\u0438\u0438. \u041c\u0430\u0442\u0435\u0440\u0438\u0430\u043b \u0441\u0435\u0440\u0434\u0446\u0435\u0432\u0438\u043d\u044b \u0441\u043e\u0441\u0442\u043e\u0438\u0442 \u0438\u0437 \u043c\u0438\u043d\u0435\u0440\u0430\u043b\u044c\u043d\u043e\u0439 \u0432\u0430\u0442\u044b \u0432\u044b\u0441\u043e\u043a\u043e\u0439 \u043f\u043b\u043e\u0442\u043d\u043e\u0441\u0442\u0438 \u0441 \u043e\u0440\u0438\u0435\u043d\u0442\u0438\u0440\u043e\u0432\u0430\u043d\u043d\u044b\u043c\u0438 \u0432\u043e\u043b\u043e\u043a\u043d\u0430\u043c\u0438, \u0440\u0430\u0441\u043f\u043e\u043b\u043e\u0436\u0435\u043d\u043d\u044b\u043c\u0438 \u043f\u043e\u043b\u043e\u0441\u0430\u043c\u0438 \u043f\u0435\u0440\u043f\u0435\u043d\u0434\u0438\u043a\u0443\u043b\u044f\u0440\u043d\u043e \u043a \u043f\u043b\u043e\u0441\u043a\u043e\u0441\u0442\u0438 \u043f\u0430\u043d\u0435\u043b\u0438, \u043a\u043e\u0442\u043e\u0440\u044b\u0435 \u0437\u0430\u043a\u0440\u0435\u043f\u043b\u0435\u043d\u044b \u043f\u043e \u0434\u043b\u0438\u043d\u0435 \u0444\u0438\u043a\u0441\u0438\u0440\u043e\u0432\u0430\u043d\u043d\u044b\u043c\u0438 \u0441\u043e\u0435\u0434\u0438\u043d\u0435\u043d\u0438\u044f\u043c\u0438 \u0438 \u0443\u043f\u043b\u043e\u0442\u043d\u0435\u043d\u044b \u043f\u043e \u0448\u0438\u0440\u0438\u043d\u0435, \u0442\u0430\u043a\u0438\u043c \u043e\u0431\u0440\u0430\u0437\u043e\u043c, \u0447\u0442\u043e\u0431\u044b \u043f\u043e\u043b\u043d\u043e\u0441\u0442\u044c\u044e \u0437\u0430\u043f\u043e\u043b\u043d\u0438\u0442\u044c \u043f\u0440\u043e\u0441\u0442\u0440\u0430\u043d\u0441\u0442\u0432\u043e \u043c\u0435\u0436\u0434\u0443 \u043c\u0435\u0442\u0430\u043b\u043b\u0438\u0447\u0435\u0441\u043a\u0438\u043c\u0438 \u043b\u0438\u0441\u0442\u0430\u043c\u0438. \u0412\u043e \u0432\u0440\u0435\u043c\u044f \u0443\u0441\u0442\u0430\u043d\u043e\u0432\u043a\u0438, \u0437\u0430\u0449\u0438\u0442\u0430 \u043e\u0442 \u0432\u043b\u0430\u0433\u0438 \u0434\u043e\u043b\u0436\u043d\u0430 \u0431\u044b\u0442\u044c \u043f\u0440\u0435\u0434\u0443\u0441\u043c\u043e\u0442\u0440\u0435\u043d\u0430 \u043d\u0430 \u0441\u0442\u044b\u043a\u0430\u0445 \u043f\u0430\u043d\u0435\u043b\u0438. \u0418\u0437-\u0437\u0430 \u043f\u0435\u0440\u0444\u043e\u0440\u0438\u0440\u043e\u0432\u0430\u043d\u043d\u043e\u0439 \u0432\u043d\u0443\u0442\u0440\u0435\u043d\u043d\u0435\u0439 \u043f\u043e\u0432\u0435\u0440\u0445\u043d\u043e\u0441\u0442\u0438 (\u043f\u0430\u0440\u043e\u043f\u0440\u043e\u043d\u0438\u0446\u0430\u0435\u043c\u043e\u0439) \u043d\u0430 \u044d\u0442\u0430\u043f\u0435 \u043f\u0440\u043e\u0435\u043a\u0442\u0438\u0440\u043e\u0432\u0430\u043d\u0438\u044f \u0441\u043b\u0435\u0434\u0443\u0435\u0442 \u0443\u0447\u0438\u0442\u044b\u0432\u0430\u0442\u044c \u0432\u043d\u0443\u0442\u0440\u0435\u043d\u043d\u0438\u0435 \u043f\u0430\u0440\u0430\u043c\u0435\u0442\u0440\u044b \u0442\u0435\u043c\u043f\u0435\u0440\u0430\u0442\u0443\u0440\u044b \u0438 \u0432\u043b\u0430\u0436\u043d\u043e\u0441\u0442\u0438.<\/p>\n<p>\u0422\u043e\u043b\u0449\u0438\u043d\u0430 \u043f\u0430\u043d\u0435\u043b\u0435\u0439: 50\u043c\u043c \u2013 150\u043c\u043c.<\/p>\n<p>\u0414\u043b\u0438\u043d\u0430 \u043f\u0430\u043d\u0435\u043b\u0435\u0439: \u0434\u043e 13500\u043c\u043c.<\/p>","protected":false},"featured_media":4512,"comment_status":"open","ping_status":"closed","template":"","meta":[],"product_cat":[193,240,243,262],"product_tag":[],"class_list":{"0":"post-4511","1":"product","2":"type-product","3":"status-publish","4":"has-post-thumbnail","6":"product_cat-panouri-sandwich","7":"product_cat-acoperis","8":"product_cat-vata-minerala-acoperis","9":"product_cat-vata-minerala-standard","11":"first","12":"instock","13":"shipping-taxable","14":"product-type-simple"},"yoast_head":"<!-- This site is optimized with the Yoast SEO plugin v22.5 - https:\/\/yoast.com\/wordpress\/plugins\/seo\/ -->\n<title>HIPERTEC ROOF SOUND - Matconstruct<\/title>\n<meta name=\"robots\" content=\"index, follow, max-snippet:-1, max-image-preview:large, max-video-preview:-1\" \/>\n<link rel=\"canonical\" href=\"https:\/\/matconstruct.md\/ru\/product\/hipertec-roof-sound\/\" \/>\n<meta property=\"og:locale\" content=\"ru_RU\" \/>\n<meta property=\"og:type\" content=\"article\" \/>\n<meta property=\"og:title\" content=\"HIPERTEC ROOF SOUND - Matconstruct\" \/>\n<meta property=\"og:description\" content=\"Panou metalic autoportant termoizolant, cu miez izolant din vat\u0103 mineral\u0103, neinflamabil\u0103 \u0219i cu rezisten\u021b\u0103 acustic\u0103.  HIPERTEC\u00ae ROOF SOUND este ideal pentru acoperi\u0219urile inclinate (\u22657%), oferind absorb\u021bie acustic\u0103 optim\u0103 \u0219i o bun\u0103 izolare acustic\u0103. Materialul de baz\u0103 include vat\u0103 mineral\u0103 din fibre orientate cu densitate ridicat\u0103, aranjate \u00een mod perpendicular fa\u021b\u0103 de nivelul panoului \u0219i pozi\u021bionate \u00een benzi dispuse longitudinal cu \u00eembin\u0103ri decalate \u0219i compactate transversal \u00een a\u0219a fel \u00eenc\u00e2t s\u0103 umple \u00een totalitate spa\u021biul dintre plac\u0103rile metalice. \u00cen timpul instal\u0103rii trebuie asigurat\u0103 la marginile panoului o protec\u021bie \u00eempotriva umezelii. Datorit\u0103 suprafe\u021bei interne perforate (permeabil\u0103 la vapori), parametrii de temperatur\u0103 interioar\u0103 \u0219i de umiditate trebuie lua\u021bi \u00een considerare \u00een timpul etapei de proiectare.  Grosimea panourilor: 50mm \u2013 150mm.  Lungimea panourilor: p\u00e2n\u0103 la 13500mm.\" \/>\n<meta property=\"og:url\" content=\"https:\/\/matconstruct.md\/ru\/product\/hipertec-roof-sound\/\" \/>\n<meta property=\"og:site_name\" content=\"Matconstruct\" \/>\n<meta property=\"article:modified_time\" content=\"2024-04-30T14:18:15+00:00\" \/>\n<meta property=\"og:image\" content=\"https:\/\/matconstruct.md\/wp-content\/uploads\/2024\/04\/hipertec-roof-sound.gif\" \/>\n\t<meta property=\"og:image:width\" content=\"1003\" \/>\n\t<meta property=\"og:image:height\" content=\"689\" \/>\n\t<meta property=\"og:image:type\" content=\"image\/gif\" \/>\n<meta name=\"twitter:card\" content=\"summary_large_image\" \/>\n<meta name=\"twitter:label1\" content=\"\u041f\u0440\u0438\u043c\u0435\u0440\u043d\u043e\u0435 \u0432\u0440\u0435\u043c\u044f \u0434\u043b\u044f \u0447\u0442\u0435\u043d\u0438\u044f\" \/>\n\t<meta name=\"twitter:data1\" content=\"1 \u043c\u0438\u043d\u0443\u0442\u0430\" \/>\n<script type=\"application\/ld+json\" class=\"yoast-schema-graph\">{\"@context\":\"https:\/\/schema.org\",\"@graph\":[{\"@type\":\"WebPage\",\"@id\":\"https:\/\/matconstruct.md\/product\/hipertec-roof-sound\/\",\"url\":\"https:\/\/matconstruct.md\/product\/hipertec-roof-sound\/\",\"name\":\"HIPERTEC ROOF SOUND - Matconstruct\",\"isPartOf\":{\"@id\":\"https:\/\/matconstruct.md\/#website\"},\"primaryImageOfPage\":{\"@id\":\"https:\/\/matconstruct.md\/product\/hipertec-roof-sound\/#primaryimage\"},\"image\":{\"@id\":\"https:\/\/matconstruct.md\/product\/hipertec-roof-sound\/#primaryimage\"},\"thumbnailUrl\":\"https:\/\/matconstruct.md\/wp-content\/uploads\/2024\/04\/hipertec-roof-sound.gif\",\"datePublished\":\"2024-04-27T19:34:37+00:00\",\"dateModified\":\"2024-04-30T14:18:15+00:00\",\"breadcrumb\":{\"@id\":\"https:\/\/matconstruct.md\/product\/hipertec-roof-sound\/#breadcrumb\"},\"inLanguage\":\"ru-RU\",\"potentialAction\":[{\"@type\":\"ReadAction\",\"target\":[\"https:\/\/matconstruct.md\/product\/hipertec-roof-sound\/\"]}]},{\"@type\":\"ImageObject\",\"inLanguage\":\"ru-RU\",\"@id\":\"https:\/\/matconstruct.md\/product\/hipertec-roof-sound\/#primaryimage\",\"url\":\"https:\/\/matconstruct.md\/wp-content\/uploads\/2024\/04\/hipertec-roof-sound.gif\",\"contentUrl\":\"https:\/\/matconstruct.md\/wp-content\/uploads\/2024\/04\/hipertec-roof-sound.gif\",\"width\":1003,\"height\":689},{\"@type\":\"BreadcrumbList\",\"@id\":\"https:\/\/matconstruct.md\/product\/hipertec-roof-sound\/#breadcrumb\",\"itemListElement\":[{\"@type\":\"ListItem\",\"position\":1,\"name\":\"Prima pagin\u0103\",\"item\":\"https:\/\/matconstruct.md\/\"},{\"@type\":\"ListItem\",\"position\":2,\"name\":\"Catalog\",\"item\":\"https:\/\/matconstruct.md\/catalog\/\"},{\"@type\":\"ListItem\",\"position\":3,\"name\":\"HIPERTEC ROOF SOUND\"}]},{\"@type\":\"WebSite\",\"@id\":\"https:\/\/matconstruct.md\/#website\",\"url\":\"https:\/\/matconstruct.md\/\",\"name\":\"Matconstruct\",\"description\":\"Matconstruct\",\"publisher\":{\"@id\":\"https:\/\/matconstruct.md\/#organization\"},\"potentialAction\":[{\"@type\":\"SearchAction\",\"target\":{\"@type\":\"EntryPoint\",\"urlTemplate\":\"https:\/\/matconstruct.md\/?s={search_term_string}\"},\"query-input\":\"required name=search_term_string\"}],\"inLanguage\":\"ru-RU\"},{\"@type\":\"Organization\",\"@id\":\"https:\/\/matconstruct.md\/#organization\",\"name\":\"Matconstruct\",\"url\":\"https:\/\/matconstruct.md\/\",\"logo\":{\"@type\":\"ImageObject\",\"inLanguage\":\"ru-RU\",\"@id\":\"https:\/\/matconstruct.md\/#\/schema\/logo\/image\/\",\"url\":\"https:\/\/matconstruct.md\/wp-content\/uploads\/2024\/04\/favmat.png\",\"contentUrl\":\"https:\/\/matconstruct.md\/wp-content\/uploads\/2024\/04\/favmat.png\",\"width\":1920,\"height\":1920,\"caption\":\"Matconstruct\"},\"image\":{\"@id\":\"https:\/\/matconstruct.md\/#\/schema\/logo\/image\/\"}}]}<\/script>\n<!-- \/ Yoast SEO plugin. -->","yoast_head_json":{"title":"HIPERTEC ROOF SOUND - Matconstruct","robots":{"index":"index","follow":"follow","max-snippet":"max-snippet:-1","max-image-preview":"max-image-preview:large","max-video-preview":"max-video-preview:-1"},"canonical":"https:\/\/matconstruct.md\/ru\/product\/hipertec-roof-sound\/","og_locale":"ru_RU","og_type":"article","og_title":"HIPERTEC ROOF SOUND - Matconstruct","og_description":"Panou metalic autoportant termoizolant, cu miez izolant din vat\u0103 mineral\u0103, neinflamabil\u0103 \u0219i cu rezisten\u021b\u0103 acustic\u0103.  HIPERTEC\u00ae ROOF SOUND este ideal pentru acoperi\u0219urile inclinate (\u22657%), oferind absorb\u021bie acustic\u0103 optim\u0103 \u0219i o bun\u0103 izolare acustic\u0103. Materialul de baz\u0103 include vat\u0103 mineral\u0103 din fibre orientate cu densitate ridicat\u0103, aranjate \u00een mod perpendicular fa\u021b\u0103 de nivelul panoului \u0219i pozi\u021bionate \u00een benzi dispuse longitudinal cu \u00eembin\u0103ri decalate \u0219i compactate transversal \u00een a\u0219a fel \u00eenc\u00e2t s\u0103 umple \u00een totalitate spa\u021biul dintre plac\u0103rile metalice. \u00cen timpul instal\u0103rii trebuie asigurat\u0103 la marginile panoului o protec\u021bie \u00eempotriva umezelii. Datorit\u0103 suprafe\u021bei interne perforate (permeabil\u0103 la vapori), parametrii de temperatur\u0103 interioar\u0103 \u0219i de umiditate trebuie lua\u021bi \u00een considerare \u00een timpul etapei de proiectare.  Grosimea panourilor: 50mm \u2013 150mm.  Lungimea panourilor: p\u00e2n\u0103 la 13500mm.","og_url":"https:\/\/matconstruct.md\/ru\/product\/hipertec-roof-sound\/","og_site_name":"Matconstruct","article_modified_time":"2024-04-30T14:18:15+00:00","og_image":[{"width":1003,"height":689,"url":"https:\/\/matconstruct.md\/wp-content\/uploads\/2024\/04\/hipertec-roof-sound.gif","type":"image\/gif"}],"twitter_card":"summary_large_image","twitter_misc":{"\u041f\u0440\u0438\u043c\u0435\u0440\u043d\u043e\u0435 \u0432\u0440\u0435\u043c\u044f \u0434\u043b\u044f \u0447\u0442\u0435\u043d\u0438\u044f":"1 \u043c\u0438\u043d\u0443\u0442\u0430"},"schema":{"@context":"https:\/\/schema.org","@graph":[{"@type":"WebPage","@id":"https:\/\/matconstruct.md\/product\/hipertec-roof-sound\/","url":"https:\/\/matconstruct.md\/product\/hipertec-roof-sound\/","name":"HIPERTEC ROOF SOUND - Matconstruct","isPartOf":{"@id":"https:\/\/matconstruct.md\/#website"},"primaryImageOfPage":{"@id":"https:\/\/matconstruct.md\/product\/hipertec-roof-sound\/#primaryimage"},"image":{"@id":"https:\/\/matconstruct.md\/product\/hipertec-roof-sound\/#primaryimage"},"thumbnailUrl":"https:\/\/matconstruct.md\/wp-content\/uploads\/2024\/04\/hipertec-roof-sound.gif","datePublished":"2024-04-27T19:34:37+00:00","dateModified":"2024-04-30T14:18:15+00:00","breadcrumb":{"@id":"https:\/\/matconstruct.md\/product\/hipertec-roof-sound\/#breadcrumb"},"inLanguage":"ru-RU","potentialAction":[{"@type":"ReadAction","target":["https:\/\/matconstruct.md\/product\/hipertec-roof-sound\/"]}]},{"@type":"ImageObject","inLanguage":"ru-RU","@id":"https:\/\/matconstruct.md\/product\/hipertec-roof-sound\/#primaryimage","url":"https:\/\/matconstruct.md\/wp-content\/uploads\/2024\/04\/hipertec-roof-sound.gif","contentUrl":"https:\/\/matconstruct.md\/wp-content\/uploads\/2024\/04\/hipertec-roof-sound.gif","width":1003,"height":689},{"@type":"BreadcrumbList","@id":"https:\/\/matconstruct.md\/product\/hipertec-roof-sound\/#breadcrumb","itemListElement":[{"@type":"ListItem","position":1,"name":"Prima pagin\u0103","item":"https:\/\/matconstruct.md\/"},{"@type":"ListItem","position":2,"name":"Catalog","item":"https:\/\/matconstruct.md\/catalog\/"},{"@type":"ListItem","position":3,"name":"HIPERTEC ROOF SOUND"}]},{"@type":"WebSite","@id":"https:\/\/matconstruct.md\/#website","url":"https:\/\/matconstruct.md\/","name":"Matconstruct","description":"Matconstruct","publisher":{"@id":"https:\/\/matconstruct.md\/#organization"},"potentialAction":[{"@type":"SearchAction","target":{"@type":"EntryPoint","urlTemplate":"https:\/\/matconstruct.md\/?s={search_term_string}"},"query-input":"required name=search_term_string"}],"inLanguage":"ru-RU"},{"@type":"Organization","@id":"https:\/\/matconstruct.md\/#organization","name":"Matconstruct","url":"https:\/\/matconstruct.md\/","logo":{"@type":"ImageObject","inLanguage":"ru-RU","@id":"https:\/\/matconstruct.md\/#\/schema\/logo\/image\/","url":"https:\/\/matconstruct.md\/wp-content\/uploads\/2024\/04\/favmat.png","contentUrl":"https:\/\/matconstruct.md\/wp-content\/uploads\/2024\/04\/favmat.png","width":1920,"height":1920,"caption":"Matconstruct"},"image":{"@id":"https:\/\/matconstruct.md\/#\/schema\/logo\/image\/"}}]}},"jetpack_sharing_enabled":true,"_links":{"self":[{"href":"https:\/\/matconstruct.md\/ru\/wp-json\/wp\/v2\/product\/4511","targetHints":{"allow":["GET"]}}],"collection":[{"href":"https:\/\/matconstruct.md\/ru\/wp-json\/wp\/v2\/product"}],"about":[{"href":"https:\/\/matconstruct.md\/ru\/wp-json\/wp\/v2\/types\/product"}],"replies":[{"embeddable":true,"href":"https:\/\/matconstruct.md\/ru\/wp-json\/wp\/v2\/comments?post=4511"}],"wp:featuredmedia":[{"embeddable":true,"href":"https:\/\/matconstruct.md\/ru\/wp-json\/wp\/v2\/media\/4512"}],"wp:attachment":[{"href":"https:\/\/matconstruct.md\/ru\/wp-json\/wp\/v2\/media?parent=4511"}],"wp:term":[{"taxonomy":"product_cat","embeddable":true,"href":"https:\/\/matconstruct.md\/ru\/wp-json\/wp\/v2\/product_cat?post=4511"},{"taxonomy":"product_tag","embeddable":true,"href":"https:\/\/matconstruct.md\/ru\/wp-json\/wp\/v2\/product_tag?post=4511"}],"curies":[{"name":"wp","href":"https:\/\/api.w.org\/{rel}","templated":true}]}}