{"id":4508,"date":"2024-04-27T19:20:53","date_gmt":"2024-04-27T19:20:53","guid":{"rendered":"https:\/\/matconstruct.md\/?post_type=product&#038;p=4508"},"modified":"2024-04-30T14:14:26","modified_gmt":"2024-04-30T14:14:26","slug":"hipertec-roof","status":"publish","type":"product","link":"https:\/\/matconstruct.md\/ru\/product\/hipertec-roof\/","title":{"rendered":"HIPERTEC ROOF"},"content":{"rendered":null,"protected":false},"excerpt":{"rendered":"<p>\u0421\u0430\u043c\u043e\u043d\u0435\u0441\u0443\u0449\u0430\u044f \u0442\u0435\u043f\u043b\u043e\u0438\u0437\u043e\u043b\u044f\u0446\u0438\u043e\u043d\u043d\u0430\u044f \u043c\u0435\u0442\u0430\u043b\u043b\u0438\u0447\u0435\u0441\u043a\u0430\u044f \u043f\u0430\u043d\u0435\u043b\u044c, \u0441 \u0438\u0437\u043e\u043b\u044f\u0446\u0438\u0435\u0439 \u0438\u0437 \u043d\u0435\u0433\u043e\u0440\u044e\u0447\u0435\u0439 \u0438 \u0437\u0432\u0443\u043a\u043e\u043d\u0435\u043f\u0440\u043e\u043d\u0438\u0446\u0430\u0435\u043c\u043e\u0439 \u043c\u0438\u043d\u0435\u0440\u0430\u043b\u044c\u043d\u043e\u0439 \u0432\u0430\u0442\u044b.<\/p>\n<p>HIPERTEC\u00ae ROOF este ideal pentru acoperi\u0219urile \u00eenclinate (\u22657%), oferind rezisten\u021b\u0103 ridicat\u0103 la foc \u0219i izolare acustic\u0103. Materialul de baz\u0103 include vat\u0103 mineral\u0103 din fribre orientate cu densitate ridicat\u0103, aranjate \u00een mod perpendicular fa\u021b\u0103 de nivelul panoului \u0219i pozi\u021bionate \u00een benzi dispuse longitudinal cu \u00eembin\u0103ri decalate \u0219i compactate transversal \u00een a\u0219a fel \u00eenc\u00e2t s\u0103 umple \u00een totalitate spa\u021biul dintre fe\u021bele de o\u021bel. \u00cen timpul instal\u0103rii trebuie asigurat\u0103 la marginile panoului o protec\u021bie \u00eempotriva umezelii.<\/p>\n<p>\u0422\u043e\u043b\u0449\u0438\u043d\u0430 \u043f\u0430\u043d\u0435\u043b\u0435\u0439: 50\u043c\u043c \u2013 150\u043c\u043c.<\/p>\n<p>\u0414\u043b\u0438\u043d\u0430 \u043f\u0430\u043d\u0435\u043b\u0435\u0439: \u0434\u043e 13500\u043c\u043c.<\/p>","protected":false},"featured_media":4509,"comment_status":"open","ping_status":"closed","template":"","meta":[],"product_cat":[193,240,243,262],"product_tag":[],"class_list":{"0":"post-4508","1":"product","2":"type-product","3":"status-publish","4":"has-post-thumbnail","6":"product_cat-panouri-sandwich","7":"product_cat-acoperis","8":"product_cat-vata-minerala-acoperis","9":"product_cat-vata-minerala-standard","11":"first","12":"instock","13":"shipping-taxable","14":"product-type-simple"},"yoast_head":"<!-- This site is optimized with the Yoast SEO plugin v22.5 - https:\/\/yoast.com\/wordpress\/plugins\/seo\/ -->\n<title>HIPERTEC ROOF - Matconstruct<\/title>\n<meta name=\"robots\" content=\"index, follow, max-snippet:-1, max-image-preview:large, max-video-preview:-1\" \/>\n<link rel=\"canonical\" href=\"https:\/\/matconstruct.md\/ru\/product\/hipertec-roof\/\" \/>\n<meta property=\"og:locale\" content=\"ru_RU\" \/>\n<meta property=\"og:type\" content=\"article\" \/>\n<meta property=\"og:title\" content=\"HIPERTEC ROOF - Matconstruct\" \/>\n<meta property=\"og:description\" content=\"Panou metalic autoportant termoizolant, cu miez din vat\u0103 mineral\u0103, neinflamabil\u0103 \u0219i cu rezisten\u021b\u0103 acustic\u0103.  HIPERTEC\u00ae ROOF este ideal pentru acoperi\u0219urile \u00eenclinate (\u22657%), oferind rezisten\u021b\u0103 ridicat\u0103 la foc \u0219i izolare acustic\u0103. Materialul de baz\u0103 include vat\u0103 mineral\u0103 din fribre orientate cu densitate ridicat\u0103, aranjate \u00een mod perpendicular fa\u021b\u0103 de nivelul panoului \u0219i pozi\u021bionate \u00een benzi dispuse longitudinal cu \u00eembin\u0103ri decalate \u0219i compactate transversal \u00een a\u0219a fel \u00eenc\u00e2t s\u0103 umple \u00een totalitate spa\u021biul dintre fe\u021bele de o\u021bel. \u00cen timpul instal\u0103rii trebuie asigurat\u0103 la marginile panoului o protec\u021bie \u00eempotriva umezelii.  Grosimea panourilor: 50mm \u2013 150mm.  Lungimea panourilor: p\u00e2n\u0103 la 13500mm.\" \/>\n<meta property=\"og:url\" content=\"https:\/\/matconstruct.md\/ru\/product\/hipertec-roof\/\" \/>\n<meta property=\"og:site_name\" content=\"Matconstruct\" \/>\n<meta property=\"article:modified_time\" content=\"2024-04-30T14:14:26+00:00\" \/>\n<meta property=\"og:image\" content=\"https:\/\/matconstruct.md\/wp-content\/uploads\/2024\/04\/hipertec-roof.gif\" \/>\n\t<meta property=\"og:image:width\" content=\"1051\" \/>\n\t<meta property=\"og:image:height\" content=\"719\" \/>\n\t<meta property=\"og:image:type\" content=\"image\/gif\" \/>\n<meta name=\"twitter:card\" content=\"summary_large_image\" \/>\n<meta name=\"twitter:label1\" content=\"\u041f\u0440\u0438\u043c\u0435\u0440\u043d\u043e\u0435 \u0432\u0440\u0435\u043c\u044f \u0434\u043b\u044f \u0447\u0442\u0435\u043d\u0438\u044f\" \/>\n\t<meta name=\"twitter:data1\" content=\"1 \u043c\u0438\u043d\u0443\u0442\u0430\" \/>\n<script type=\"application\/ld+json\" class=\"yoast-schema-graph\">{\"@context\":\"https:\/\/schema.org\",\"@graph\":[{\"@type\":\"WebPage\",\"@id\":\"https:\/\/matconstruct.md\/product\/hipertec-roof\/\",\"url\":\"https:\/\/matconstruct.md\/product\/hipertec-roof\/\",\"name\":\"HIPERTEC ROOF - Matconstruct\",\"isPartOf\":{\"@id\":\"https:\/\/matconstruct.md\/#website\"},\"primaryImageOfPage\":{\"@id\":\"https:\/\/matconstruct.md\/product\/hipertec-roof\/#primaryimage\"},\"image\":{\"@id\":\"https:\/\/matconstruct.md\/product\/hipertec-roof\/#primaryimage\"},\"thumbnailUrl\":\"https:\/\/matconstruct.md\/wp-content\/uploads\/2024\/04\/hipertec-roof.gif\",\"datePublished\":\"2024-04-27T19:20:53+00:00\",\"dateModified\":\"2024-04-30T14:14:26+00:00\",\"breadcrumb\":{\"@id\":\"https:\/\/matconstruct.md\/product\/hipertec-roof\/#breadcrumb\"},\"inLanguage\":\"ru-RU\",\"potentialAction\":[{\"@type\":\"ReadAction\",\"target\":[\"https:\/\/matconstruct.md\/product\/hipertec-roof\/\"]}]},{\"@type\":\"ImageObject\",\"inLanguage\":\"ru-RU\",\"@id\":\"https:\/\/matconstruct.md\/product\/hipertec-roof\/#primaryimage\",\"url\":\"https:\/\/matconstruct.md\/wp-content\/uploads\/2024\/04\/hipertec-roof.gif\",\"contentUrl\":\"https:\/\/matconstruct.md\/wp-content\/uploads\/2024\/04\/hipertec-roof.gif\",\"width\":1051,\"height\":719},{\"@type\":\"BreadcrumbList\",\"@id\":\"https:\/\/matconstruct.md\/product\/hipertec-roof\/#breadcrumb\",\"itemListElement\":[{\"@type\":\"ListItem\",\"position\":1,\"name\":\"Prima pagin\u0103\",\"item\":\"https:\/\/matconstruct.md\/\"},{\"@type\":\"ListItem\",\"position\":2,\"name\":\"Catalog\",\"item\":\"https:\/\/matconstruct.md\/catalog\/\"},{\"@type\":\"ListItem\",\"position\":3,\"name\":\"HIPERTEC ROOF\"}]},{\"@type\":\"WebSite\",\"@id\":\"https:\/\/matconstruct.md\/#website\",\"url\":\"https:\/\/matconstruct.md\/\",\"name\":\"Matconstruct\",\"description\":\"Matconstruct\",\"publisher\":{\"@id\":\"https:\/\/matconstruct.md\/#organization\"},\"potentialAction\":[{\"@type\":\"SearchAction\",\"target\":{\"@type\":\"EntryPoint\",\"urlTemplate\":\"https:\/\/matconstruct.md\/?s={search_term_string}\"},\"query-input\":\"required name=search_term_string\"}],\"inLanguage\":\"ru-RU\"},{\"@type\":\"Organization\",\"@id\":\"https:\/\/matconstruct.md\/#organization\",\"name\":\"Matconstruct\",\"url\":\"https:\/\/matconstruct.md\/\",\"logo\":{\"@type\":\"ImageObject\",\"inLanguage\":\"ru-RU\",\"@id\":\"https:\/\/matconstruct.md\/#\/schema\/logo\/image\/\",\"url\":\"https:\/\/matconstruct.md\/wp-content\/uploads\/2024\/04\/favmat.png\",\"contentUrl\":\"https:\/\/matconstruct.md\/wp-content\/uploads\/2024\/04\/favmat.png\",\"width\":1920,\"height\":1920,\"caption\":\"Matconstruct\"},\"image\":{\"@id\":\"https:\/\/matconstruct.md\/#\/schema\/logo\/image\/\"}}]}<\/script>\n<!-- \/ Yoast SEO plugin. -->","yoast_head_json":{"title":"HIPERTEC ROOF - Matconstruct","robots":{"index":"index","follow":"follow","max-snippet":"max-snippet:-1","max-image-preview":"max-image-preview:large","max-video-preview":"max-video-preview:-1"},"canonical":"https:\/\/matconstruct.md\/ru\/product\/hipertec-roof\/","og_locale":"ru_RU","og_type":"article","og_title":"HIPERTEC ROOF - Matconstruct","og_description":"Panou metalic autoportant termoizolant, cu miez din vat\u0103 mineral\u0103, neinflamabil\u0103 \u0219i cu rezisten\u021b\u0103 acustic\u0103.  HIPERTEC\u00ae ROOF este ideal pentru acoperi\u0219urile \u00eenclinate (\u22657%), oferind rezisten\u021b\u0103 ridicat\u0103 la foc \u0219i izolare acustic\u0103. Materialul de baz\u0103 include vat\u0103 mineral\u0103 din fribre orientate cu densitate ridicat\u0103, aranjate \u00een mod perpendicular fa\u021b\u0103 de nivelul panoului \u0219i pozi\u021bionate \u00een benzi dispuse longitudinal cu \u00eembin\u0103ri decalate \u0219i compactate transversal \u00een a\u0219a fel \u00eenc\u00e2t s\u0103 umple \u00een totalitate spa\u021biul dintre fe\u021bele de o\u021bel. \u00cen timpul instal\u0103rii trebuie asigurat\u0103 la marginile panoului o protec\u021bie \u00eempotriva umezelii.  Grosimea panourilor: 50mm \u2013 150mm.  Lungimea panourilor: p\u00e2n\u0103 la 13500mm.","og_url":"https:\/\/matconstruct.md\/ru\/product\/hipertec-roof\/","og_site_name":"Matconstruct","article_modified_time":"2024-04-30T14:14:26+00:00","og_image":[{"width":1051,"height":719,"url":"https:\/\/matconstruct.md\/wp-content\/uploads\/2024\/04\/hipertec-roof.gif","type":"image\/gif"}],"twitter_card":"summary_large_image","twitter_misc":{"\u041f\u0440\u0438\u043c\u0435\u0440\u043d\u043e\u0435 \u0432\u0440\u0435\u043c\u044f \u0434\u043b\u044f \u0447\u0442\u0435\u043d\u0438\u044f":"1 \u043c\u0438\u043d\u0443\u0442\u0430"},"schema":{"@context":"https:\/\/schema.org","@graph":[{"@type":"WebPage","@id":"https:\/\/matconstruct.md\/product\/hipertec-roof\/","url":"https:\/\/matconstruct.md\/product\/hipertec-roof\/","name":"HIPERTEC ROOF - Matconstruct","isPartOf":{"@id":"https:\/\/matconstruct.md\/#website"},"primaryImageOfPage":{"@id":"https:\/\/matconstruct.md\/product\/hipertec-roof\/#primaryimage"},"image":{"@id":"https:\/\/matconstruct.md\/product\/hipertec-roof\/#primaryimage"},"thumbnailUrl":"https:\/\/matconstruct.md\/wp-content\/uploads\/2024\/04\/hipertec-roof.gif","datePublished":"2024-04-27T19:20:53+00:00","dateModified":"2024-04-30T14:14:26+00:00","breadcrumb":{"@id":"https:\/\/matconstruct.md\/product\/hipertec-roof\/#breadcrumb"},"inLanguage":"ru-RU","potentialAction":[{"@type":"ReadAction","target":["https:\/\/matconstruct.md\/product\/hipertec-roof\/"]}]},{"@type":"ImageObject","inLanguage":"ru-RU","@id":"https:\/\/matconstruct.md\/product\/hipertec-roof\/#primaryimage","url":"https:\/\/matconstruct.md\/wp-content\/uploads\/2024\/04\/hipertec-roof.gif","contentUrl":"https:\/\/matconstruct.md\/wp-content\/uploads\/2024\/04\/hipertec-roof.gif","width":1051,"height":719},{"@type":"BreadcrumbList","@id":"https:\/\/matconstruct.md\/product\/hipertec-roof\/#breadcrumb","itemListElement":[{"@type":"ListItem","position":1,"name":"Prima pagin\u0103","item":"https:\/\/matconstruct.md\/"},{"@type":"ListItem","position":2,"name":"Catalog","item":"https:\/\/matconstruct.md\/catalog\/"},{"@type":"ListItem","position":3,"name":"HIPERTEC ROOF"}]},{"@type":"WebSite","@id":"https:\/\/matconstruct.md\/#website","url":"https:\/\/matconstruct.md\/","name":"Matconstruct","description":"Matconstruct","publisher":{"@id":"https:\/\/matconstruct.md\/#organization"},"potentialAction":[{"@type":"SearchAction","target":{"@type":"EntryPoint","urlTemplate":"https:\/\/matconstruct.md\/?s={search_term_string}"},"query-input":"required name=search_term_string"}],"inLanguage":"ru-RU"},{"@type":"Organization","@id":"https:\/\/matconstruct.md\/#organization","name":"Matconstruct","url":"https:\/\/matconstruct.md\/","logo":{"@type":"ImageObject","inLanguage":"ru-RU","@id":"https:\/\/matconstruct.md\/#\/schema\/logo\/image\/","url":"https:\/\/matconstruct.md\/wp-content\/uploads\/2024\/04\/favmat.png","contentUrl":"https:\/\/matconstruct.md\/wp-content\/uploads\/2024\/04\/favmat.png","width":1920,"height":1920,"caption":"Matconstruct"},"image":{"@id":"https:\/\/matconstruct.md\/#\/schema\/logo\/image\/"}}]}},"jetpack_sharing_enabled":true,"_links":{"self":[{"href":"https:\/\/matconstruct.md\/ru\/wp-json\/wp\/v2\/product\/4508","targetHints":{"allow":["GET"]}}],"collection":[{"href":"https:\/\/matconstruct.md\/ru\/wp-json\/wp\/v2\/product"}],"about":[{"href":"https:\/\/matconstruct.md\/ru\/wp-json\/wp\/v2\/types\/product"}],"replies":[{"embeddable":true,"href":"https:\/\/matconstruct.md\/ru\/wp-json\/wp\/v2\/comments?post=4508"}],"wp:featuredmedia":[{"embeddable":true,"href":"https:\/\/matconstruct.md\/ru\/wp-json\/wp\/v2\/media\/4509"}],"wp:attachment":[{"href":"https:\/\/matconstruct.md\/ru\/wp-json\/wp\/v2\/media?parent=4508"}],"wp:term":[{"taxonomy":"product_cat","embeddable":true,"href":"https:\/\/matconstruct.md\/ru\/wp-json\/wp\/v2\/product_cat?post=4508"},{"taxonomy":"product_tag","embeddable":true,"href":"https:\/\/matconstruct.md\/ru\/wp-json\/wp\/v2\/product_tag?post=4508"}],"curies":[{"name":"wp","href":"https:\/\/api.w.org\/{rel}","templated":true}]}}