{"id":4511,"date":"2024-04-27T19:34:37","date_gmt":"2024-04-27T19:34:37","guid":{"rendered":"https:\/\/matconstruct.md\/?post_type=product&#038;p=4511"},"modified":"2024-04-30T14:18:15","modified_gmt":"2024-04-30T14:18:15","slug":"hipertec-roof-sound","status":"publish","type":"product","link":"https:\/\/matconstruct.md\/en\/product\/hipertec-roof-sound\/","title":{"rendered":"HIPERTEC ROOF SOUND"},"content":{"rendered":null,"protected":false},"excerpt":{"rendered":"<p>Self-supporting thermal insulated metal panel, with insulation core of non-combustible &amp; soundproof Rockwool.<\/p>\n<p>HIPERTEC\u00ae ROOF SOUND is ideal for covering of pitched (\u22657%) roofs, offering optimum sound ab\u00adsorption and good sound insulation. The core mate\u00adrial consists of orientated fiber high density Rockwool, arranged perpendicularly to the plane of the panel and positioned in strips, laid longitudinally with off\u00adset joints and transversely compacted, in such a way as to completely fill the space between the metal facings. During installation, protection against moisture should be provided for at the panel's eaves. Due to the perforated (vapor permeable) internal face, the indoor temperature &amp; humidity parameters should be taken into consideration during the design phase.<\/p>\n<p>Panels thickness: 50mm \u2013 150mm.<\/p>\n<p>Panels length: up to 13500mm.<\/p>","protected":false},"featured_media":4512,"comment_status":"open","ping_status":"closed","template":"","meta":[],"product_cat":[193,240,243,262],"product_tag":[],"class_list":{"0":"post-4511","1":"product","2":"type-product","3":"status-publish","4":"has-post-thumbnail","6":"product_cat-panouri-sandwich","7":"product_cat-acoperis","8":"product_cat-vata-minerala-acoperis","9":"product_cat-vata-minerala-standard","11":"first","12":"instock","13":"shipping-taxable","14":"product-type-simple"},"yoast_head":"<!-- This site is optimized with the Yoast SEO plugin v22.5 - https:\/\/yoast.com\/wordpress\/plugins\/seo\/ -->\n<title>HIPERTEC ROOF SOUND - Matconstruct<\/title>\n<meta name=\"robots\" content=\"index, follow, max-snippet:-1, max-image-preview:large, max-video-preview:-1\" \/>\n<link rel=\"canonical\" href=\"https:\/\/matconstruct.md\/en\/product\/hipertec-roof-sound\/\" \/>\n<meta property=\"og:locale\" content=\"en_US\" \/>\n<meta property=\"og:type\" content=\"article\" \/>\n<meta property=\"og:title\" content=\"HIPERTEC ROOF SOUND - Matconstruct\" \/>\n<meta property=\"og:description\" content=\"Panou metalic autoportant termoizolant, cu miez izolant din vat\u0103 mineral\u0103, neinflamabil\u0103 \u0219i cu rezisten\u021b\u0103 acustic\u0103.  HIPERTEC\u00ae ROOF SOUND este ideal pentru acoperi\u0219urile inclinate (\u22657%), oferind absorb\u021bie acustic\u0103 optim\u0103 \u0219i o bun\u0103 izolare acustic\u0103. Materialul de baz\u0103 include vat\u0103 mineral\u0103 din fibre orientate cu densitate ridicat\u0103, aranjate \u00een mod perpendicular fa\u021b\u0103 de nivelul panoului \u0219i pozi\u021bionate \u00een benzi dispuse longitudinal cu \u00eembin\u0103ri decalate \u0219i compactate transversal \u00een a\u0219a fel \u00eenc\u00e2t s\u0103 umple \u00een totalitate spa\u021biul dintre plac\u0103rile metalice. \u00cen timpul instal\u0103rii trebuie asigurat\u0103 la marginile panoului o protec\u021bie \u00eempotriva umezelii. Datorit\u0103 suprafe\u021bei interne perforate (permeabil\u0103 la vapori), parametrii de temperatur\u0103 interioar\u0103 \u0219i de umiditate trebuie lua\u021bi \u00een considerare \u00een timpul etapei de proiectare.  Grosimea panourilor: 50mm \u2013 150mm.  Lungimea panourilor: p\u00e2n\u0103 la 13500mm.\" \/>\n<meta property=\"og:url\" content=\"https:\/\/matconstruct.md\/en\/product\/hipertec-roof-sound\/\" \/>\n<meta property=\"og:site_name\" content=\"Matconstruct\" \/>\n<meta property=\"article:modified_time\" content=\"2024-04-30T14:18:15+00:00\" \/>\n<meta property=\"og:image\" content=\"https:\/\/matconstruct.md\/wp-content\/uploads\/2024\/04\/hipertec-roof-sound.gif\" \/>\n\t<meta property=\"og:image:width\" content=\"1003\" \/>\n\t<meta property=\"og:image:height\" content=\"689\" \/>\n\t<meta property=\"og:image:type\" content=\"image\/gif\" \/>\n<meta name=\"twitter:card\" content=\"summary_large_image\" \/>\n<meta name=\"twitter:label1\" content=\"Est. reading time\" \/>\n\t<meta name=\"twitter:data1\" content=\"1 minute\" \/>\n<script type=\"application\/ld+json\" class=\"yoast-schema-graph\">{\"@context\":\"https:\/\/schema.org\",\"@graph\":[{\"@type\":\"WebPage\",\"@id\":\"https:\/\/matconstruct.md\/product\/hipertec-roof-sound\/\",\"url\":\"https:\/\/matconstruct.md\/product\/hipertec-roof-sound\/\",\"name\":\"HIPERTEC ROOF SOUND - Matconstruct\",\"isPartOf\":{\"@id\":\"https:\/\/matconstruct.md\/#website\"},\"primaryImageOfPage\":{\"@id\":\"https:\/\/matconstruct.md\/product\/hipertec-roof-sound\/#primaryimage\"},\"image\":{\"@id\":\"https:\/\/matconstruct.md\/product\/hipertec-roof-sound\/#primaryimage\"},\"thumbnailUrl\":\"https:\/\/matconstruct.md\/wp-content\/uploads\/2024\/04\/hipertec-roof-sound.gif\",\"datePublished\":\"2024-04-27T19:34:37+00:00\",\"dateModified\":\"2024-04-30T14:18:15+00:00\",\"breadcrumb\":{\"@id\":\"https:\/\/matconstruct.md\/product\/hipertec-roof-sound\/#breadcrumb\"},\"inLanguage\":\"en-US\",\"potentialAction\":[{\"@type\":\"ReadAction\",\"target\":[\"https:\/\/matconstruct.md\/product\/hipertec-roof-sound\/\"]}]},{\"@type\":\"ImageObject\",\"inLanguage\":\"en-US\",\"@id\":\"https:\/\/matconstruct.md\/product\/hipertec-roof-sound\/#primaryimage\",\"url\":\"https:\/\/matconstruct.md\/wp-content\/uploads\/2024\/04\/hipertec-roof-sound.gif\",\"contentUrl\":\"https:\/\/matconstruct.md\/wp-content\/uploads\/2024\/04\/hipertec-roof-sound.gif\",\"width\":1003,\"height\":689},{\"@type\":\"BreadcrumbList\",\"@id\":\"https:\/\/matconstruct.md\/product\/hipertec-roof-sound\/#breadcrumb\",\"itemListElement\":[{\"@type\":\"ListItem\",\"position\":1,\"name\":\"Prima pagin\u0103\",\"item\":\"https:\/\/matconstruct.md\/\"},{\"@type\":\"ListItem\",\"position\":2,\"name\":\"Catalog\",\"item\":\"https:\/\/matconstruct.md\/catalog\/\"},{\"@type\":\"ListItem\",\"position\":3,\"name\":\"HIPERTEC ROOF SOUND\"}]},{\"@type\":\"WebSite\",\"@id\":\"https:\/\/matconstruct.md\/#website\",\"url\":\"https:\/\/matconstruct.md\/\",\"name\":\"Matconstruct\",\"description\":\"Matconstruct\",\"publisher\":{\"@id\":\"https:\/\/matconstruct.md\/#organization\"},\"potentialAction\":[{\"@type\":\"SearchAction\",\"target\":{\"@type\":\"EntryPoint\",\"urlTemplate\":\"https:\/\/matconstruct.md\/?s={search_term_string}\"},\"query-input\":\"required name=search_term_string\"}],\"inLanguage\":\"en-US\"},{\"@type\":\"Organization\",\"@id\":\"https:\/\/matconstruct.md\/#organization\",\"name\":\"Matconstruct\",\"url\":\"https:\/\/matconstruct.md\/\",\"logo\":{\"@type\":\"ImageObject\",\"inLanguage\":\"en-US\",\"@id\":\"https:\/\/matconstruct.md\/#\/schema\/logo\/image\/\",\"url\":\"https:\/\/matconstruct.md\/wp-content\/uploads\/2024\/04\/favmat.png\",\"contentUrl\":\"https:\/\/matconstruct.md\/wp-content\/uploads\/2024\/04\/favmat.png\",\"width\":1920,\"height\":1920,\"caption\":\"Matconstruct\"},\"image\":{\"@id\":\"https:\/\/matconstruct.md\/#\/schema\/logo\/image\/\"}}]}<\/script>\n<!-- \/ Yoast SEO plugin. -->","yoast_head_json":{"title":"HIPERTEC ROOF SOUND - Matconstruct","robots":{"index":"index","follow":"follow","max-snippet":"max-snippet:-1","max-image-preview":"max-image-preview:large","max-video-preview":"max-video-preview:-1"},"canonical":"https:\/\/matconstruct.md\/en\/product\/hipertec-roof-sound\/","og_locale":"en_US","og_type":"article","og_title":"HIPERTEC ROOF SOUND - Matconstruct","og_description":"Panou metalic autoportant termoizolant, cu miez izolant din vat\u0103 mineral\u0103, neinflamabil\u0103 \u0219i cu rezisten\u021b\u0103 acustic\u0103.  HIPERTEC\u00ae ROOF SOUND este ideal pentru acoperi\u0219urile inclinate (\u22657%), oferind absorb\u021bie acustic\u0103 optim\u0103 \u0219i o bun\u0103 izolare acustic\u0103. Materialul de baz\u0103 include vat\u0103 mineral\u0103 din fibre orientate cu densitate ridicat\u0103, aranjate \u00een mod perpendicular fa\u021b\u0103 de nivelul panoului \u0219i pozi\u021bionate \u00een benzi dispuse longitudinal cu \u00eembin\u0103ri decalate \u0219i compactate transversal \u00een a\u0219a fel \u00eenc\u00e2t s\u0103 umple \u00een totalitate spa\u021biul dintre plac\u0103rile metalice. \u00cen timpul instal\u0103rii trebuie asigurat\u0103 la marginile panoului o protec\u021bie \u00eempotriva umezelii. Datorit\u0103 suprafe\u021bei interne perforate (permeabil\u0103 la vapori), parametrii de temperatur\u0103 interioar\u0103 \u0219i de umiditate trebuie lua\u021bi \u00een considerare \u00een timpul etapei de proiectare.  Grosimea panourilor: 50mm \u2013 150mm.  Lungimea panourilor: p\u00e2n\u0103 la 13500mm.","og_url":"https:\/\/matconstruct.md\/en\/product\/hipertec-roof-sound\/","og_site_name":"Matconstruct","article_modified_time":"2024-04-30T14:18:15+00:00","og_image":[{"width":1003,"height":689,"url":"https:\/\/matconstruct.md\/wp-content\/uploads\/2024\/04\/hipertec-roof-sound.gif","type":"image\/gif"}],"twitter_card":"summary_large_image","twitter_misc":{"Est. reading time":"1 minute"},"schema":{"@context":"https:\/\/schema.org","@graph":[{"@type":"WebPage","@id":"https:\/\/matconstruct.md\/product\/hipertec-roof-sound\/","url":"https:\/\/matconstruct.md\/product\/hipertec-roof-sound\/","name":"HIPERTEC ROOF SOUND - Matconstruct","isPartOf":{"@id":"https:\/\/matconstruct.md\/#website"},"primaryImageOfPage":{"@id":"https:\/\/matconstruct.md\/product\/hipertec-roof-sound\/#primaryimage"},"image":{"@id":"https:\/\/matconstruct.md\/product\/hipertec-roof-sound\/#primaryimage"},"thumbnailUrl":"https:\/\/matconstruct.md\/wp-content\/uploads\/2024\/04\/hipertec-roof-sound.gif","datePublished":"2024-04-27T19:34:37+00:00","dateModified":"2024-04-30T14:18:15+00:00","breadcrumb":{"@id":"https:\/\/matconstruct.md\/product\/hipertec-roof-sound\/#breadcrumb"},"inLanguage":"en-US","potentialAction":[{"@type":"ReadAction","target":["https:\/\/matconstruct.md\/product\/hipertec-roof-sound\/"]}]},{"@type":"ImageObject","inLanguage":"en-US","@id":"https:\/\/matconstruct.md\/product\/hipertec-roof-sound\/#primaryimage","url":"https:\/\/matconstruct.md\/wp-content\/uploads\/2024\/04\/hipertec-roof-sound.gif","contentUrl":"https:\/\/matconstruct.md\/wp-content\/uploads\/2024\/04\/hipertec-roof-sound.gif","width":1003,"height":689},{"@type":"BreadcrumbList","@id":"https:\/\/matconstruct.md\/product\/hipertec-roof-sound\/#breadcrumb","itemListElement":[{"@type":"ListItem","position":1,"name":"Prima pagin\u0103","item":"https:\/\/matconstruct.md\/"},{"@type":"ListItem","position":2,"name":"Catalog","item":"https:\/\/matconstruct.md\/catalog\/"},{"@type":"ListItem","position":3,"name":"HIPERTEC ROOF SOUND"}]},{"@type":"WebSite","@id":"https:\/\/matconstruct.md\/#website","url":"https:\/\/matconstruct.md\/","name":"Matconstruct","description":"Matconstruct","publisher":{"@id":"https:\/\/matconstruct.md\/#organization"},"potentialAction":[{"@type":"SearchAction","target":{"@type":"EntryPoint","urlTemplate":"https:\/\/matconstruct.md\/?s={search_term_string}"},"query-input":"required name=search_term_string"}],"inLanguage":"en-US"},{"@type":"Organization","@id":"https:\/\/matconstruct.md\/#organization","name":"Matconstruct","url":"https:\/\/matconstruct.md\/","logo":{"@type":"ImageObject","inLanguage":"en-US","@id":"https:\/\/matconstruct.md\/#\/schema\/logo\/image\/","url":"https:\/\/matconstruct.md\/wp-content\/uploads\/2024\/04\/favmat.png","contentUrl":"https:\/\/matconstruct.md\/wp-content\/uploads\/2024\/04\/favmat.png","width":1920,"height":1920,"caption":"Matconstruct"},"image":{"@id":"https:\/\/matconstruct.md\/#\/schema\/logo\/image\/"}}]}},"jetpack_sharing_enabled":true,"_links":{"self":[{"href":"https:\/\/matconstruct.md\/en\/wp-json\/wp\/v2\/product\/4511","targetHints":{"allow":["GET"]}}],"collection":[{"href":"https:\/\/matconstruct.md\/en\/wp-json\/wp\/v2\/product"}],"about":[{"href":"https:\/\/matconstruct.md\/en\/wp-json\/wp\/v2\/types\/product"}],"replies":[{"embeddable":true,"href":"https:\/\/matconstruct.md\/en\/wp-json\/wp\/v2\/comments?post=4511"}],"wp:featuredmedia":[{"embeddable":true,"href":"https:\/\/matconstruct.md\/en\/wp-json\/wp\/v2\/media\/4512"}],"wp:attachment":[{"href":"https:\/\/matconstruct.md\/en\/wp-json\/wp\/v2\/media?parent=4511"}],"wp:term":[{"taxonomy":"product_cat","embeddable":true,"href":"https:\/\/matconstruct.md\/en\/wp-json\/wp\/v2\/product_cat?post=4511"},{"taxonomy":"product_tag","embeddable":true,"href":"https:\/\/matconstruct.md\/en\/wp-json\/wp\/v2\/product_tag?post=4511"}],"curies":[{"name":"wp","href":"https:\/\/api.w.org\/{rel}","templated":true}]}}