{"id":4501,"date":"2024-04-27T18:31:52","date_gmt":"2024-04-27T18:31:52","guid":{"rendered":"https:\/\/matconstruct.md\/?post_type=product&#038;p=4501"},"modified":"2024-04-29T18:06:42","modified_gmt":"2024-04-29T18:06:42","slug":"monoroof-centesimal","status":"publish","type":"product","link":"https:\/\/matconstruct.md\/en\/product\/monoroof-centesimal\/","title":{"rendered":"MONOROOF CENTESIMAL"},"content":{"rendered":null,"protected":false},"excerpt":{"rendered":"<p>Self-supporting thermal insulated metal panel, with insulation core of CFC &amp; HCFC-free polyurethane rigid foam.<\/p>\n<p>MONOROOF\u00ae Centesimal is a lightweight roof panel, minimum slope of 4\u00b0 (7%)  and consists of an external face of corrugated steel sheet (load bearing) and an internal flat face of aluminium centesimal. The intermediate insulation layer of rigid polyurethane foam offers the necessary protection against temperature variations.<\/p>\n<p>Panels thickness: 30mm \u2013 100mm.<\/p>\n<p>Panels length: 13500mm.<\/p>","protected":false},"featured_media":4503,"comment_status":"open","ping_status":"closed","template":"","meta":[],"product_cat":[193,240,242,249],"product_tag":[],"class_list":{"0":"post-4501","1":"product","2":"type-product","3":"status-publish","4":"has-post-thumbnail","6":"product_cat-panouri-sandwich","7":"product_cat-acoperis","8":"product_cat-spuma-pur-acoperis","9":"product_cat-aluminiu","11":"first","12":"instock","13":"shipping-taxable","14":"product-type-simple"},"yoast_head":"<!-- This site is optimized with the Yoast SEO plugin v22.5 - https:\/\/yoast.com\/wordpress\/plugins\/seo\/ -->\n<title>MONOROOF CENTESIMAL - Matconstruct<\/title>\n<meta name=\"robots\" content=\"index, follow, max-snippet:-1, max-image-preview:large, max-video-preview:-1\" \/>\n<link rel=\"canonical\" href=\"https:\/\/matconstruct.md\/en\/product\/monoroof-centesimal\/\" \/>\n<meta property=\"og:locale\" content=\"en_US\" \/>\n<meta property=\"og:type\" content=\"article\" \/>\n<meta property=\"og:title\" content=\"MONOROOF CENTESIMAL - Matconstruct\" \/>\n<meta property=\"og:description\" content=\"Panou metalic autoportant termoizolant, cu miez de spum\u0103 poliuretanic\u0103 rigid\u0103, f\u0103r\u0103 CFC&amp;HCFC.  MONOROOF\u00ae Centezimal este un panou de acoperi\u0219 u\u0219or, compus dintr-o fa\u021b\u0103 extern\u0103 de tabl\u0103 profilat\u0103 de o\u021bel (portant\u0103) \u0219i o fa\u021b\u0103 plan\u0103 intern\u0103 de aluminiu centezimal. Stratul intermediar de izolare cu spum\u0103 poliuretanic\u0103 rigid\u0103 ofer\u0103 protec\u021bia necesar\u0103 \u00eempotriva varia\u021biilor de temperatur\u0103.  Grosimea panourilor: 30mm \u2013 100mm.  Lungimea panourilor: 13500mm.\" \/>\n<meta property=\"og:url\" content=\"https:\/\/matconstruct.md\/en\/product\/monoroof-centesimal\/\" \/>\n<meta property=\"og:site_name\" content=\"Matconstruct\" \/>\n<meta property=\"article:modified_time\" content=\"2024-04-29T18:06:42+00:00\" \/>\n<meta property=\"og:image\" content=\"https:\/\/matconstruct.md\/wp-content\/uploads\/2024\/04\/monoroof-centezimal.gif\" \/>\n\t<meta property=\"og:image:width\" content=\"1029\" \/>\n\t<meta property=\"og:image:height\" content=\"637\" \/>\n\t<meta property=\"og:image:type\" content=\"image\/gif\" \/>\n<meta name=\"twitter:card\" content=\"summary_large_image\" \/>\n<meta name=\"twitter:label1\" content=\"Est. reading time\" \/>\n\t<meta name=\"twitter:data1\" content=\"1 minute\" \/>\n<script type=\"application\/ld+json\" class=\"yoast-schema-graph\">{\"@context\":\"https:\/\/schema.org\",\"@graph\":[{\"@type\":\"WebPage\",\"@id\":\"https:\/\/matconstruct.md\/product\/monoroof-centesimal\/\",\"url\":\"https:\/\/matconstruct.md\/product\/monoroof-centesimal\/\",\"name\":\"MONOROOF CENTESIMAL - Matconstruct\",\"isPartOf\":{\"@id\":\"https:\/\/matconstruct.md\/#website\"},\"primaryImageOfPage\":{\"@id\":\"https:\/\/matconstruct.md\/product\/monoroof-centesimal\/#primaryimage\"},\"image\":{\"@id\":\"https:\/\/matconstruct.md\/product\/monoroof-centesimal\/#primaryimage\"},\"thumbnailUrl\":\"https:\/\/matconstruct.md\/wp-content\/uploads\/2024\/04\/monoroof-centezimal.gif\",\"datePublished\":\"2024-04-27T18:31:52+00:00\",\"dateModified\":\"2024-04-29T18:06:42+00:00\",\"breadcrumb\":{\"@id\":\"https:\/\/matconstruct.md\/product\/monoroof-centesimal\/#breadcrumb\"},\"inLanguage\":\"en-US\",\"potentialAction\":[{\"@type\":\"ReadAction\",\"target\":[\"https:\/\/matconstruct.md\/product\/monoroof-centesimal\/\"]}]},{\"@type\":\"ImageObject\",\"inLanguage\":\"en-US\",\"@id\":\"https:\/\/matconstruct.md\/product\/monoroof-centesimal\/#primaryimage\",\"url\":\"https:\/\/matconstruct.md\/wp-content\/uploads\/2024\/04\/monoroof-centezimal.gif\",\"contentUrl\":\"https:\/\/matconstruct.md\/wp-content\/uploads\/2024\/04\/monoroof-centezimal.gif\",\"width\":1029,\"height\":637},{\"@type\":\"BreadcrumbList\",\"@id\":\"https:\/\/matconstruct.md\/product\/monoroof-centesimal\/#breadcrumb\",\"itemListElement\":[{\"@type\":\"ListItem\",\"position\":1,\"name\":\"Prima pagin\u0103\",\"item\":\"https:\/\/matconstruct.md\/\"},{\"@type\":\"ListItem\",\"position\":2,\"name\":\"Catalog\",\"item\":\"https:\/\/matconstruct.md\/catalog\/\"},{\"@type\":\"ListItem\",\"position\":3,\"name\":\"MONOROOF CENTESIMAL\"}]},{\"@type\":\"WebSite\",\"@id\":\"https:\/\/matconstruct.md\/#website\",\"url\":\"https:\/\/matconstruct.md\/\",\"name\":\"Matconstruct\",\"description\":\"Matconstruct\",\"publisher\":{\"@id\":\"https:\/\/matconstruct.md\/#organization\"},\"potentialAction\":[{\"@type\":\"SearchAction\",\"target\":{\"@type\":\"EntryPoint\",\"urlTemplate\":\"https:\/\/matconstruct.md\/?s={search_term_string}\"},\"query-input\":\"required name=search_term_string\"}],\"inLanguage\":\"en-US\"},{\"@type\":\"Organization\",\"@id\":\"https:\/\/matconstruct.md\/#organization\",\"name\":\"Matconstruct\",\"url\":\"https:\/\/matconstruct.md\/\",\"logo\":{\"@type\":\"ImageObject\",\"inLanguage\":\"en-US\",\"@id\":\"https:\/\/matconstruct.md\/#\/schema\/logo\/image\/\",\"url\":\"https:\/\/matconstruct.md\/wp-content\/uploads\/2024\/04\/favmat.png\",\"contentUrl\":\"https:\/\/matconstruct.md\/wp-content\/uploads\/2024\/04\/favmat.png\",\"width\":1920,\"height\":1920,\"caption\":\"Matconstruct\"},\"image\":{\"@id\":\"https:\/\/matconstruct.md\/#\/schema\/logo\/image\/\"}}]}<\/script>\n<!-- \/ Yoast SEO plugin. -->","yoast_head_json":{"title":"MONOROOF CENTESIMAL - Matconstruct","robots":{"index":"index","follow":"follow","max-snippet":"max-snippet:-1","max-image-preview":"max-image-preview:large","max-video-preview":"max-video-preview:-1"},"canonical":"https:\/\/matconstruct.md\/en\/product\/monoroof-centesimal\/","og_locale":"en_US","og_type":"article","og_title":"MONOROOF CENTESIMAL - Matconstruct","og_description":"Panou metalic autoportant termoizolant, cu miez de spum\u0103 poliuretanic\u0103 rigid\u0103, f\u0103r\u0103 CFC&amp;HCFC.  MONOROOF\u00ae Centezimal este un panou de acoperi\u0219 u\u0219or, compus dintr-o fa\u021b\u0103 extern\u0103 de tabl\u0103 profilat\u0103 de o\u021bel (portant\u0103) \u0219i o fa\u021b\u0103 plan\u0103 intern\u0103 de aluminiu centezimal. Stratul intermediar de izolare cu spum\u0103 poliuretanic\u0103 rigid\u0103 ofer\u0103 protec\u021bia necesar\u0103 \u00eempotriva varia\u021biilor de temperatur\u0103.  Grosimea panourilor: 30mm \u2013 100mm.  Lungimea panourilor: 13500mm.","og_url":"https:\/\/matconstruct.md\/en\/product\/monoroof-centesimal\/","og_site_name":"Matconstruct","article_modified_time":"2024-04-29T18:06:42+00:00","og_image":[{"width":1029,"height":637,"url":"https:\/\/matconstruct.md\/wp-content\/uploads\/2024\/04\/monoroof-centezimal.gif","type":"image\/gif"}],"twitter_card":"summary_large_image","twitter_misc":{"Est. reading time":"1 minute"},"schema":{"@context":"https:\/\/schema.org","@graph":[{"@type":"WebPage","@id":"https:\/\/matconstruct.md\/product\/monoroof-centesimal\/","url":"https:\/\/matconstruct.md\/product\/monoroof-centesimal\/","name":"MONOROOF CENTESIMAL - Matconstruct","isPartOf":{"@id":"https:\/\/matconstruct.md\/#website"},"primaryImageOfPage":{"@id":"https:\/\/matconstruct.md\/product\/monoroof-centesimal\/#primaryimage"},"image":{"@id":"https:\/\/matconstruct.md\/product\/monoroof-centesimal\/#primaryimage"},"thumbnailUrl":"https:\/\/matconstruct.md\/wp-content\/uploads\/2024\/04\/monoroof-centezimal.gif","datePublished":"2024-04-27T18:31:52+00:00","dateModified":"2024-04-29T18:06:42+00:00","breadcrumb":{"@id":"https:\/\/matconstruct.md\/product\/monoroof-centesimal\/#breadcrumb"},"inLanguage":"en-US","potentialAction":[{"@type":"ReadAction","target":["https:\/\/matconstruct.md\/product\/monoroof-centesimal\/"]}]},{"@type":"ImageObject","inLanguage":"en-US","@id":"https:\/\/matconstruct.md\/product\/monoroof-centesimal\/#primaryimage","url":"https:\/\/matconstruct.md\/wp-content\/uploads\/2024\/04\/monoroof-centezimal.gif","contentUrl":"https:\/\/matconstruct.md\/wp-content\/uploads\/2024\/04\/monoroof-centezimal.gif","width":1029,"height":637},{"@type":"BreadcrumbList","@id":"https:\/\/matconstruct.md\/product\/monoroof-centesimal\/#breadcrumb","itemListElement":[{"@type":"ListItem","position":1,"name":"Prima pagin\u0103","item":"https:\/\/matconstruct.md\/"},{"@type":"ListItem","position":2,"name":"Catalog","item":"https:\/\/matconstruct.md\/catalog\/"},{"@type":"ListItem","position":3,"name":"MONOROOF CENTESIMAL"}]},{"@type":"WebSite","@id":"https:\/\/matconstruct.md\/#website","url":"https:\/\/matconstruct.md\/","name":"Matconstruct","description":"Matconstruct","publisher":{"@id":"https:\/\/matconstruct.md\/#organization"},"potentialAction":[{"@type":"SearchAction","target":{"@type":"EntryPoint","urlTemplate":"https:\/\/matconstruct.md\/?s={search_term_string}"},"query-input":"required name=search_term_string"}],"inLanguage":"en-US"},{"@type":"Organization","@id":"https:\/\/matconstruct.md\/#organization","name":"Matconstruct","url":"https:\/\/matconstruct.md\/","logo":{"@type":"ImageObject","inLanguage":"en-US","@id":"https:\/\/matconstruct.md\/#\/schema\/logo\/image\/","url":"https:\/\/matconstruct.md\/wp-content\/uploads\/2024\/04\/favmat.png","contentUrl":"https:\/\/matconstruct.md\/wp-content\/uploads\/2024\/04\/favmat.png","width":1920,"height":1920,"caption":"Matconstruct"},"image":{"@id":"https:\/\/matconstruct.md\/#\/schema\/logo\/image\/"}}]}},"jetpack_sharing_enabled":true,"_links":{"self":[{"href":"https:\/\/matconstruct.md\/en\/wp-json\/wp\/v2\/product\/4501","targetHints":{"allow":["GET"]}}],"collection":[{"href":"https:\/\/matconstruct.md\/en\/wp-json\/wp\/v2\/product"}],"about":[{"href":"https:\/\/matconstruct.md\/en\/wp-json\/wp\/v2\/types\/product"}],"replies":[{"embeddable":true,"href":"https:\/\/matconstruct.md\/en\/wp-json\/wp\/v2\/comments?post=4501"}],"wp:featuredmedia":[{"embeddable":true,"href":"https:\/\/matconstruct.md\/en\/wp-json\/wp\/v2\/media\/4503"}],"wp:attachment":[{"href":"https:\/\/matconstruct.md\/en\/wp-json\/wp\/v2\/media?parent=4501"}],"wp:term":[{"taxonomy":"product_cat","embeddable":true,"href":"https:\/\/matconstruct.md\/en\/wp-json\/wp\/v2\/product_cat?post=4501"},{"taxonomy":"product_tag","embeddable":true,"href":"https:\/\/matconstruct.md\/en\/wp-json\/wp\/v2\/product_tag?post=4501"}],"curies":[{"name":"wp","href":"https:\/\/api.w.org\/{rel}","templated":true}]}}