{"id":4499,"date":"2024-04-27T18:12:45","date_gmt":"2024-04-27T18:12:45","guid":{"rendered":"https:\/\/matconstruct.md\/?post_type=product&#038;p=4499"},"modified":"2024-11-18T18:30:03","modified_gmt":"2024-11-18T18:30:03","slug":"metcoppo","status":"publish","type":"product","link":"https:\/\/matconstruct.md\/en\/product\/metcoppo\/","title":{"rendered":"METCOPPO"},"content":{"rendered":null,"protected":false},"excerpt":{"rendered":"<p>Self-supporting thermal insulated metal panel, with insulation core of CFC &amp; HCFC-free polyurethane rigid foam.<\/p>\n<p>METCOPPO\u00ae is ideal for covering of pitched( 15%) roofs, both in the industrial and the civil sector, offering high thermal and moisture protection. The geometric configuration of the external face simulates the shape of a classic roof tile, giving the panel a pleasant and elegant appearance. The panel's \u2013 and consequently the roof's - appearance is furthermore enhanced by the special low-gloss polyester painting of the external face.<\/p>\n<p>Panels thickness: 40mm<\/p>\n<p>Panels length: 12600mm (lengths multiples of 350mm)<\/p>","protected":false},"featured_media":4500,"comment_status":"open","ping_status":"closed","template":"","meta":[],"product_cat":[240,242,247],"product_tag":[],"class_list":{"0":"post-4499","1":"product","2":"type-product","3":"status-publish","4":"has-post-thumbnail","6":"product_cat-acoperis","7":"product_cat-spuma-pur-acoperis","8":"product_cat-standard","10":"first","11":"instock","12":"shipping-taxable","13":"product-type-simple"},"yoast_head":"<!-- This site is optimized with the Yoast SEO plugin v22.5 - https:\/\/yoast.com\/wordpress\/plugins\/seo\/ -->\n<title>METCOPPO - Matconstruct<\/title>\n<meta name=\"robots\" content=\"index, follow, max-snippet:-1, max-image-preview:large, max-video-preview:-1\" \/>\n<link rel=\"canonical\" href=\"https:\/\/matconstruct.md\/en\/product\/metcoppo\/\" \/>\n<meta property=\"og:locale\" content=\"en_US\" \/>\n<meta property=\"og:type\" content=\"article\" \/>\n<meta property=\"og:title\" content=\"METCOPPO - Matconstruct\" \/>\n<meta property=\"og:description\" content=\"Panou metalic autoportant termoizolant, cu miez de spum\u0103 poliuretanic\u0103 rigid\u0103, f\u0103r\u0103 CFC&amp;HCFC.  METCOPPO\u00ae este ideal pentru acoperi\u0219urile \u00eenclinate (\u2265 15%), at\u00e2t \u00een sectorul industrial c\u00e2t \u0219i civil, oferind protec\u021bie termic\u0103 \u0219i protec\u021bie \u00eempotriva umezelii ridicate. Forma geometric\u0103 a suprafe\u021bei externe imit\u0103 forma unei \u021bigle clasice, oferind panoului un aspect placut \u0219i elegant. Aspectul panoului - \u0219i \u00een consecin\u021b\u0103 al acoperi\u0219ului - este \u00eembun\u0103t\u0103\u021bit \u0219i de vopseaua special\u0103 pu\u021bin lucioas\u0103 a poliesterului suprafe\u021bei externe. Panoul este disponibil \u00een lungimi modulare, \u00eencepand de la 2100 mm p\u00e2n\u0103 la 12600 mm ((lungimi multiple de 350 mm).  Grosimea panourilor: 40mm  Lungimea panourilor: 12600mm(lungimi multiple de 350mm)\" \/>\n<meta property=\"og:url\" content=\"https:\/\/matconstruct.md\/en\/product\/metcoppo\/\" \/>\n<meta property=\"og:site_name\" content=\"Matconstruct\" \/>\n<meta property=\"article:modified_time\" content=\"2024-11-18T18:30:03+00:00\" \/>\n<meta property=\"og:image\" content=\"https:\/\/matconstruct.md\/wp-content\/uploads\/2024\/04\/metcoppo.gif\" \/>\n\t<meta property=\"og:image:width\" content=\"1153\" \/>\n\t<meta property=\"og:image:height\" content=\"461\" \/>\n\t<meta property=\"og:image:type\" content=\"image\/gif\" \/>\n<meta name=\"twitter:card\" content=\"summary_large_image\" \/>\n<meta name=\"twitter:label1\" content=\"Est. reading time\" \/>\n\t<meta name=\"twitter:data1\" content=\"1 minute\" \/>\n<script type=\"application\/ld+json\" class=\"yoast-schema-graph\">{\"@context\":\"https:\/\/schema.org\",\"@graph\":[{\"@type\":\"WebPage\",\"@id\":\"https:\/\/matconstruct.md\/product\/metcoppo\/\",\"url\":\"https:\/\/matconstruct.md\/product\/metcoppo\/\",\"name\":\"METCOPPO - Matconstruct\",\"isPartOf\":{\"@id\":\"https:\/\/matconstruct.md\/#website\"},\"primaryImageOfPage\":{\"@id\":\"https:\/\/matconstruct.md\/product\/metcoppo\/#primaryimage\"},\"image\":{\"@id\":\"https:\/\/matconstruct.md\/product\/metcoppo\/#primaryimage\"},\"thumbnailUrl\":\"https:\/\/matconstruct.md\/wp-content\/uploads\/2024\/04\/metcoppo.gif\",\"datePublished\":\"2024-04-27T18:12:45+00:00\",\"dateModified\":\"2024-11-18T18:30:03+00:00\",\"breadcrumb\":{\"@id\":\"https:\/\/matconstruct.md\/product\/metcoppo\/#breadcrumb\"},\"inLanguage\":\"en-US\",\"potentialAction\":[{\"@type\":\"ReadAction\",\"target\":[\"https:\/\/matconstruct.md\/product\/metcoppo\/\"]}]},{\"@type\":\"ImageObject\",\"inLanguage\":\"en-US\",\"@id\":\"https:\/\/matconstruct.md\/product\/metcoppo\/#primaryimage\",\"url\":\"https:\/\/matconstruct.md\/wp-content\/uploads\/2024\/04\/metcoppo.gif\",\"contentUrl\":\"https:\/\/matconstruct.md\/wp-content\/uploads\/2024\/04\/metcoppo.gif\",\"width\":1153,\"height\":461},{\"@type\":\"BreadcrumbList\",\"@id\":\"https:\/\/matconstruct.md\/product\/metcoppo\/#breadcrumb\",\"itemListElement\":[{\"@type\":\"ListItem\",\"position\":1,\"name\":\"Prima pagin\u0103\",\"item\":\"https:\/\/matconstruct.md\/\"},{\"@type\":\"ListItem\",\"position\":2,\"name\":\"Catalog\",\"item\":\"https:\/\/matconstruct.md\/catalog\/\"},{\"@type\":\"ListItem\",\"position\":3,\"name\":\"METCOPPO\"}]},{\"@type\":\"WebSite\",\"@id\":\"https:\/\/matconstruct.md\/#website\",\"url\":\"https:\/\/matconstruct.md\/\",\"name\":\"Matconstruct\",\"description\":\"Matconstruct\",\"publisher\":{\"@id\":\"https:\/\/matconstruct.md\/#organization\"},\"potentialAction\":[{\"@type\":\"SearchAction\",\"target\":{\"@type\":\"EntryPoint\",\"urlTemplate\":\"https:\/\/matconstruct.md\/?s={search_term_string}\"},\"query-input\":\"required name=search_term_string\"}],\"inLanguage\":\"en-US\"},{\"@type\":\"Organization\",\"@id\":\"https:\/\/matconstruct.md\/#organization\",\"name\":\"Matconstruct\",\"url\":\"https:\/\/matconstruct.md\/\",\"logo\":{\"@type\":\"ImageObject\",\"inLanguage\":\"en-US\",\"@id\":\"https:\/\/matconstruct.md\/#\/schema\/logo\/image\/\",\"url\":\"https:\/\/matconstruct.md\/wp-content\/uploads\/2024\/04\/favmat.png\",\"contentUrl\":\"https:\/\/matconstruct.md\/wp-content\/uploads\/2024\/04\/favmat.png\",\"width\":1920,\"height\":1920,\"caption\":\"Matconstruct\"},\"image\":{\"@id\":\"https:\/\/matconstruct.md\/#\/schema\/logo\/image\/\"}}]}<\/script>\n<!-- \/ Yoast SEO plugin. -->","yoast_head_json":{"title":"METCOPPO - Matconstruct","robots":{"index":"index","follow":"follow","max-snippet":"max-snippet:-1","max-image-preview":"max-image-preview:large","max-video-preview":"max-video-preview:-1"},"canonical":"https:\/\/matconstruct.md\/en\/product\/metcoppo\/","og_locale":"en_US","og_type":"article","og_title":"METCOPPO - Matconstruct","og_description":"Panou metalic autoportant termoizolant, cu miez de spum\u0103 poliuretanic\u0103 rigid\u0103, f\u0103r\u0103 CFC&amp;HCFC.  METCOPPO\u00ae este ideal pentru acoperi\u0219urile \u00eenclinate (\u2265 15%), at\u00e2t \u00een sectorul industrial c\u00e2t \u0219i civil, oferind protec\u021bie termic\u0103 \u0219i protec\u021bie \u00eempotriva umezelii ridicate. Forma geometric\u0103 a suprafe\u021bei externe imit\u0103 forma unei \u021bigle clasice, oferind panoului un aspect placut \u0219i elegant. Aspectul panoului - \u0219i \u00een consecin\u021b\u0103 al acoperi\u0219ului - este \u00eembun\u0103t\u0103\u021bit \u0219i de vopseaua special\u0103 pu\u021bin lucioas\u0103 a poliesterului suprafe\u021bei externe. Panoul este disponibil \u00een lungimi modulare, \u00eencepand de la 2100 mm p\u00e2n\u0103 la 12600 mm ((lungimi multiple de 350 mm).  Grosimea panourilor: 40mm  Lungimea panourilor: 12600mm(lungimi multiple de 350mm)","og_url":"https:\/\/matconstruct.md\/en\/product\/metcoppo\/","og_site_name":"Matconstruct","article_modified_time":"2024-11-18T18:30:03+00:00","og_image":[{"width":1153,"height":461,"url":"https:\/\/matconstruct.md\/wp-content\/uploads\/2024\/04\/metcoppo.gif","type":"image\/gif"}],"twitter_card":"summary_large_image","twitter_misc":{"Est. reading time":"1 minute"},"schema":{"@context":"https:\/\/schema.org","@graph":[{"@type":"WebPage","@id":"https:\/\/matconstruct.md\/product\/metcoppo\/","url":"https:\/\/matconstruct.md\/product\/metcoppo\/","name":"METCOPPO - Matconstruct","isPartOf":{"@id":"https:\/\/matconstruct.md\/#website"},"primaryImageOfPage":{"@id":"https:\/\/matconstruct.md\/product\/metcoppo\/#primaryimage"},"image":{"@id":"https:\/\/matconstruct.md\/product\/metcoppo\/#primaryimage"},"thumbnailUrl":"https:\/\/matconstruct.md\/wp-content\/uploads\/2024\/04\/metcoppo.gif","datePublished":"2024-04-27T18:12:45+00:00","dateModified":"2024-11-18T18:30:03+00:00","breadcrumb":{"@id":"https:\/\/matconstruct.md\/product\/metcoppo\/#breadcrumb"},"inLanguage":"en-US","potentialAction":[{"@type":"ReadAction","target":["https:\/\/matconstruct.md\/product\/metcoppo\/"]}]},{"@type":"ImageObject","inLanguage":"en-US","@id":"https:\/\/matconstruct.md\/product\/metcoppo\/#primaryimage","url":"https:\/\/matconstruct.md\/wp-content\/uploads\/2024\/04\/metcoppo.gif","contentUrl":"https:\/\/matconstruct.md\/wp-content\/uploads\/2024\/04\/metcoppo.gif","width":1153,"height":461},{"@type":"BreadcrumbList","@id":"https:\/\/matconstruct.md\/product\/metcoppo\/#breadcrumb","itemListElement":[{"@type":"ListItem","position":1,"name":"Prima pagin\u0103","item":"https:\/\/matconstruct.md\/"},{"@type":"ListItem","position":2,"name":"Catalog","item":"https:\/\/matconstruct.md\/catalog\/"},{"@type":"ListItem","position":3,"name":"METCOPPO"}]},{"@type":"WebSite","@id":"https:\/\/matconstruct.md\/#website","url":"https:\/\/matconstruct.md\/","name":"Matconstruct","description":"Matconstruct","publisher":{"@id":"https:\/\/matconstruct.md\/#organization"},"potentialAction":[{"@type":"SearchAction","target":{"@type":"EntryPoint","urlTemplate":"https:\/\/matconstruct.md\/?s={search_term_string}"},"query-input":"required name=search_term_string"}],"inLanguage":"en-US"},{"@type":"Organization","@id":"https:\/\/matconstruct.md\/#organization","name":"Matconstruct","url":"https:\/\/matconstruct.md\/","logo":{"@type":"ImageObject","inLanguage":"en-US","@id":"https:\/\/matconstruct.md\/#\/schema\/logo\/image\/","url":"https:\/\/matconstruct.md\/wp-content\/uploads\/2024\/04\/favmat.png","contentUrl":"https:\/\/matconstruct.md\/wp-content\/uploads\/2024\/04\/favmat.png","width":1920,"height":1920,"caption":"Matconstruct"},"image":{"@id":"https:\/\/matconstruct.md\/#\/schema\/logo\/image\/"}}]}},"jetpack_sharing_enabled":true,"_links":{"self":[{"href":"https:\/\/matconstruct.md\/en\/wp-json\/wp\/v2\/product\/4499","targetHints":{"allow":["GET"]}}],"collection":[{"href":"https:\/\/matconstruct.md\/en\/wp-json\/wp\/v2\/product"}],"about":[{"href":"https:\/\/matconstruct.md\/en\/wp-json\/wp\/v2\/types\/product"}],"replies":[{"embeddable":true,"href":"https:\/\/matconstruct.md\/en\/wp-json\/wp\/v2\/comments?post=4499"}],"wp:featuredmedia":[{"embeddable":true,"href":"https:\/\/matconstruct.md\/en\/wp-json\/wp\/v2\/media\/4500"}],"wp:attachment":[{"href":"https:\/\/matconstruct.md\/en\/wp-json\/wp\/v2\/media?parent=4499"}],"wp:term":[{"taxonomy":"product_cat","embeddable":true,"href":"https:\/\/matconstruct.md\/en\/wp-json\/wp\/v2\/product_cat?post=4499"},{"taxonomy":"product_tag","embeddable":true,"href":"https:\/\/matconstruct.md\/en\/wp-json\/wp\/v2\/product_tag?post=4499"}],"curies":[{"name":"wp","href":"https:\/\/api.w.org\/{rel}","templated":true}]}}